{"id":253,"date":"2025-01-22T18:23:02","date_gmt":"2025-01-22T21:23:02","guid":{"rendered":"https:\/\/www.ramirotorres.com.ar\/?page_id=253"},"modified":"2025-01-22T18:23:03","modified_gmt":"2025-01-22T21:23:03","slug":"carpia","status":"publish","type":"page","link":"https:\/\/www.ramirotorres.com.ar\/en\/carpia\/","title":{"rendered":"CarpIA"},"content":{"rendered":"<div class=\"wp-block-columns is-layout-flex wp-container-core-columns-is-layout-9d6595d7 wp-block-columns-is-layout-flex\">\n<div class=\"wp-block-column is-layout-flow wp-block-column-is-layout-flow\">\n<p><strong><a href=\"https:\/\/www.carpia.com.ar\/\" data-type=\"link\" data-id=\"https:\/\/www.carpia.com.ar\/\" target=\"_blank\" rel=\"noreferrer noopener\">CarpIA<\/a><\/strong> es una aplicaci\u00f3n web en l\u00ednea que desarroll\u00e9 completamente desde cero, utilizando herramientas como ChatGPT y montada sobre un entorno WordPress. Este sistema automatiza la creaci\u00f3n de documentaci\u00f3n gr\u00e1fica y planillas para la fabricaci\u00f3n de muebles de melamina, permitiendo a los carpinteros generar r\u00e1pidamente la informaci\u00f3n necesaria para cortar y ensamblar muebles de MDF o melamina. Al ingresar solo unos pocos datos clave, en segundos se obtiene toda la documentaci\u00f3n lista para imprimir, ahorrando horas de trabajo manual. Adem\u00e1s de la funcionalidad t\u00e9cnica, me encargu\u00e9 tambi\u00e9n del dise\u00f1o gr\u00e1fico de la plataforma y la creaci\u00f3n de reels para promoverla. CarpIA representa un avance significativo en eficiencia y productividad para talleres de carpinter\u00eda, optimizando procesos que tradicionalmente requer\u00edan mucho tiempo y esfuerzo.<\/p>\n<\/div>\n\n\n\n<div class=\"wp-block-column is-layout-flow wp-block-column-is-layout-flow\">\n<figure class=\"wp-block-image size-full\"><a href=\"https:\/\/www.carpia.com.ar\/\" target=\"_blank\" rel=\" noreferrer noopener\"><img loading=\"lazy\" decoding=\"async\" width=\"446\" height=\"896\" src=\"https:\/\/www.ramirotorres.com.ar\/wp-content\/uploads\/2025\/01\/carpia1.png\" alt=\"\" class=\"wp-image-254\" srcset=\"https:\/\/www.ramirotorres.com.ar\/wp-content\/uploads\/2025\/01\/carpia1.png 446w, https:\/\/www.ramirotorres.com.ar\/wp-content\/uploads\/2025\/01\/carpia1-149x300.png 149w, https:\/\/www.ramirotorres.com.ar\/wp-content\/uploads\/2025\/01\/carpia1-6x12.png 6w\" sizes=\"auto, (max-width: 446px) 100vw, 446px\" \/><\/a><\/figure>\n<\/div>\n\n\n\n<div class=\"wp-block-column is-layout-flow wp-block-column-is-layout-flow\">\n<figure class=\"wp-block-image size-full\"><a href=\"https:\/\/www.carpia.com.ar\/\" target=\"_blank\" rel=\" noreferrer noopener\"><img loading=\"lazy\" decoding=\"async\" width=\"696\" height=\"834\" src=\"https:\/\/www.ramirotorres.com.ar\/wp-content\/uploads\/2025\/01\/carpia2.png\" alt=\"\" class=\"wp-image-255\" srcset=\"https:\/\/www.ramirotorres.com.ar\/wp-content\/uploads\/2025\/01\/carpia2.png 696w, https:\/\/www.ramirotorres.com.ar\/wp-content\/uploads\/2025\/01\/carpia2-250x300.png 250w, https:\/\/www.ramirotorres.com.ar\/wp-content\/uploads\/2025\/01\/carpia2-10x12.png 10w\" sizes=\"auto, (max-width: 696px) 100vw, 696px\" \/><\/a><\/figure>\n<\/div>\n<\/div>","protected":false},"excerpt":{"rendered":"<p>CarpIA es una aplicaci\u00f3n web en l\u00ednea que desarroll\u00e9 completamente desde cero, utilizando herramientas como ChatGPT y montada sobre un entorno WordPress. Este sistema automatiza la creaci\u00f3n de documentaci\u00f3n gr\u00e1fica y planillas para la fabricaci\u00f3n de muebles de melamina, permitiendo a los carpinteros generar r\u00e1pidamente la informaci\u00f3n necesaria para cortar y ensamblar muebles de MDF [&hellip;]<\/p>\n","protected":false},"author":1,"featured_media":0,"parent":0,"menu_order":0,"comment_status":"closed","ping_status":"closed","template":"","meta":{"pgc_sgb_lightbox_settings":"","footnotes":""},"class_list":["post-253","page","type-page","status-publish","hentry"],"jetpack_sharing_enabled":true,"_links":{"self":[{"href":"https:\/\/www.ramirotorres.com.ar\/en\/wp-json\/wp\/v2\/pages\/253","targetHints":{"allow":["GET"]}}],"collection":[{"href":"https:\/\/www.ramirotorres.com.ar\/en\/wp-json\/wp\/v2\/pages"}],"about":[{"href":"https:\/\/www.ramirotorres.com.ar\/en\/wp-json\/wp\/v2\/types\/page"}],"author":[{"embeddable":true,"href":"https:\/\/www.ramirotorres.com.ar\/en\/wp-json\/wp\/v2\/users\/1"}],"replies":[{"embeddable":true,"href":"https:\/\/www.ramirotorres.com.ar\/en\/wp-json\/wp\/v2\/comments?post=253"}],"version-history":[{"count":1,"href":"https:\/\/www.ramirotorres.com.ar\/en\/wp-json\/wp\/v2\/pages\/253\/revisions"}],"predecessor-version":[{"id":257,"href":"https:\/\/www.ramirotorres.com.ar\/en\/wp-json\/wp\/v2\/pages\/253\/revisions\/257"}],"wp:attachment":[{"href":"https:\/\/www.ramirotorres.com.ar\/en\/wp-json\/wp\/v2\/media?parent=253"}],"curies":[{"name":"wp","href":"https:\/\/api.w.org\/{rel}","templated":true}]}}