{"id":1002,"date":"2026-04-23T12:33:13","date_gmt":"2026-04-23T15:33:13","guid":{"rendered":"http:\/\/localhost\/ramiro26\/perfil\/"},"modified":"2026-04-23T12:33:13","modified_gmt":"2026-04-23T15:33:13","slug":"perfil","status":"publish","type":"page","link":"https:\/\/www.ramirotorres.com.ar\/?page_id=1002","title":{"rendered":"Perfil profesional"},"content":{"rendered":"\n<p>Ramiro Torres trabaja en la intersecci\u00f3n entre cultura visual, narrativa, experimentaci\u00f3n t\u00e9cnica y herramientas de nueva generaci\u00f3n. Su perfil combina dise\u00f1o multimedia, video, gr\u00e1fica, sonido, humor, archivo, identidad regional y procesos asistidos por IA.<\/p>\n\n\n\n<p>La propuesta no se apoya en una \u00fanica disciplina. Integra direcci\u00f3n creativa, montaje, postproducci\u00f3n, fotomontaje, interfaces, m\u00fasicas originales, desarrollo web y curadur\u00eda de piezas para construir trabajos con voz propia. El objetivo de este portfolio es mostrar esa amplitud con una presentaci\u00f3n m\u00e1s clara, m\u00e1s veloz y m\u00e1s competitiva.<\/p>\n\n\n\n<ul class=\"wp-block-list\">\n<li>Pensamiento visual y narrativo.<\/li>\n<li>Capacidad para unir IA con criterio creativo real.<\/li>\n<li>Manejo transversal de video, audio, imagen y web.<\/li>\n<li>Marca personal con anclaje cultural y proyecci\u00f3n internacional.<\/li>\n<\/ul>\n\n","protected":false},"excerpt":{"rendered":"<p>Ramiro Torres trabaja en la interseccion entre cultura visual, narrativa, experimentacion tecnica y herramientas de nueva generacion. Su perfil combina diseno multimedia, video, grafica, sonido, humor, archivo, identidad regional y procesos asistidos por IA.<\/p>\n","protected":false},"author":0,"featured_media":0,"parent":0,"menu_order":0,"comment_status":"closed","ping_status":"closed","template":"","meta":{"pgc_sgb_lightbox_settings":"","footnotes":""},"class_list":["post-1002","page","type-page","status-publish","hentry"],"yoast_head":"<!-- This site is optimized with the Yoast SEO plugin v27.4 - https:\/\/yoast.com\/product\/yoast-seo-wordpress\/ -->\n<title>Perfil profesional - Ramiro Torres<\/title>\n<meta name=\"robots\" content=\"index, follow, max-snippet:-1, max-image-preview:large, max-video-preview:-1\" \/>\n<link rel=\"canonical\" href=\"https:\/\/www.ramirotorres.com.ar\/?page_id=1002\" \/>\n<meta property=\"og:locale\" content=\"es_ES\" \/>\n<meta property=\"og:type\" content=\"article\" \/>\n<meta property=\"og:title\" content=\"Perfil profesional - Ramiro Torres\" \/>\n<meta property=\"og:description\" content=\"Ramiro Torres trabaja en la interseccion entre cultura visual, narrativa, experimentacion tecnica y herramientas de nueva generacion. Su perfil combina diseno multimedia, video, grafica, sonido, humor, archivo, identidad regional y procesos asistidos por IA.\" \/>\n<meta property=\"og:url\" content=\"https:\/\/www.ramirotorres.com.ar\/?page_id=1002\" \/>\n<meta property=\"og:site_name\" content=\"Ramiro Torres\" \/>\n<meta name=\"twitter:card\" content=\"summary_large_image\" \/>\n<meta name=\"twitter:label1\" content=\"Tiempo de lectura\" \/>\n\t<meta name=\"twitter:data1\" content=\"1 minuto\" \/>\n<script type=\"application\/ld+json\" class=\"yoast-schema-graph\">{\"@context\":\"https:\\\/\\\/schema.org\",\"@graph\":[{\"@type\":\"WebPage\",\"@id\":\"https:\\\/\\\/www.ramirotorres.com.ar\\\/?page_id=1002\",\"url\":\"https:\\\/\\\/www.ramirotorres.com.ar\\\/?page_id=1002\",\"name\":\"Perfil profesional - Ramiro Torres\",\"isPartOf\":{\"@id\":\"https:\\\/\\\/www.ramirotorres.com.ar\\\/#website\"},\"datePublished\":\"2026-04-23T15:33:13+00:00\",\"breadcrumb\":{\"@id\":\"https:\\\/\\\/www.ramirotorres.com.ar\\\/?page_id=1002#breadcrumb\"},\"inLanguage\":\"es-AR\",\"potentialAction\":[{\"@type\":\"ReadAction\",\"target\":[\"https:\\\/\\\/www.ramirotorres.com.ar\\\/?page_id=1002\"]}]},{\"@type\":\"BreadcrumbList\",\"@id\":\"https:\\\/\\\/www.ramirotorres.com.ar\\\/?page_id=1002#breadcrumb\",\"itemListElement\":[{\"@type\":\"ListItem\",\"position\":1,\"name\":\"Inicio\",\"item\":\"https:\\\/\\\/www.ramirotorres.com.ar\\\/\"},{\"@type\":\"ListItem\",\"position\":2,\"name\":\"Perfil profesional\"}]},{\"@type\":\"WebSite\",\"@id\":\"https:\\\/\\\/www.ramirotorres.com.ar\\\/#website\",\"url\":\"https:\\\/\\\/www.ramirotorres.com.ar\\\/\",\"name\":\"Ramiro Torres\",\"description\":\"Portfolio multimedia, IA, video, grafica y sonido.\",\"potentialAction\":[{\"@type\":\"SearchAction\",\"target\":{\"@type\":\"EntryPoint\",\"urlTemplate\":\"https:\\\/\\\/www.ramirotorres.com.ar\\\/?s={search_term_string}\"},\"query-input\":{\"@type\":\"PropertyValueSpecification\",\"valueRequired\":true,\"valueName\":\"search_term_string\"}}],\"inLanguage\":\"es-AR\"}]}<\/script>\n<!-- \/ Yoast SEO plugin. -->","yoast_head_json":{"title":"Perfil profesional - Ramiro Torres","robots":{"index":"index","follow":"follow","max-snippet":"max-snippet:-1","max-image-preview":"max-image-preview:large","max-video-preview":"max-video-preview:-1"},"canonical":"https:\/\/www.ramirotorres.com.ar\/?page_id=1002","og_locale":"es_ES","og_type":"article","og_title":"Perfil profesional - Ramiro Torres","og_description":"Ramiro Torres trabaja en la interseccion entre cultura visual, narrativa, experimentacion tecnica y herramientas de nueva generacion. Su perfil combina diseno multimedia, video, grafica, sonido, humor, archivo, identidad regional y procesos asistidos por IA.","og_url":"https:\/\/www.ramirotorres.com.ar\/?page_id=1002","og_site_name":"Ramiro Torres","twitter_card":"summary_large_image","twitter_misc":{"Tiempo de lectura":"1 minuto"},"schema":{"@context":"https:\/\/schema.org","@graph":[{"@type":"WebPage","@id":"https:\/\/www.ramirotorres.com.ar\/?page_id=1002","url":"https:\/\/www.ramirotorres.com.ar\/?page_id=1002","name":"Perfil profesional - Ramiro Torres","isPartOf":{"@id":"https:\/\/www.ramirotorres.com.ar\/#website"},"datePublished":"2026-04-23T15:33:13+00:00","breadcrumb":{"@id":"https:\/\/www.ramirotorres.com.ar\/?page_id=1002#breadcrumb"},"inLanguage":"es-AR","potentialAction":[{"@type":"ReadAction","target":["https:\/\/www.ramirotorres.com.ar\/?page_id=1002"]}]},{"@type":"BreadcrumbList","@id":"https:\/\/www.ramirotorres.com.ar\/?page_id=1002#breadcrumb","itemListElement":[{"@type":"ListItem","position":1,"name":"Inicio","item":"https:\/\/www.ramirotorres.com.ar\/"},{"@type":"ListItem","position":2,"name":"Perfil profesional"}]},{"@type":"WebSite","@id":"https:\/\/www.ramirotorres.com.ar\/#website","url":"https:\/\/www.ramirotorres.com.ar\/","name":"Ramiro Torres","description":"Portfolio multimedia, IA, video, grafica y sonido.","potentialAction":[{"@type":"SearchAction","target":{"@type":"EntryPoint","urlTemplate":"https:\/\/www.ramirotorres.com.ar\/?s={search_term_string}"},"query-input":{"@type":"PropertyValueSpecification","valueRequired":true,"valueName":"search_term_string"}}],"inLanguage":"es-AR"}]}},"_links":{"self":[{"href":"https:\/\/www.ramirotorres.com.ar\/index.php?rest_route=\/wp\/v2\/pages\/1002","targetHints":{"allow":["GET"]}}],"collection":[{"href":"https:\/\/www.ramirotorres.com.ar\/index.php?rest_route=\/wp\/v2\/pages"}],"about":[{"href":"https:\/\/www.ramirotorres.com.ar\/index.php?rest_route=\/wp\/v2\/types\/page"}],"replies":[{"embeddable":true,"href":"https:\/\/www.ramirotorres.com.ar\/index.php?rest_route=%2Fwp%2Fv2%2Fcomments&post=1002"}],"version-history":[{"count":0,"href":"https:\/\/www.ramirotorres.com.ar\/index.php?rest_route=\/wp\/v2\/pages\/1002\/revisions"}],"wp:attachment":[{"href":"https:\/\/www.ramirotorres.com.ar\/index.php?rest_route=%2Fwp%2Fv2%2Fmedia&parent=1002"}],"curies":[{"name":"wp","href":"https:\/\/api.w.org\/{rel}","templated":true}]}}