{"id":1029,"date":"2026-04-23T19:22:27","date_gmt":"2026-04-23T22:22:27","guid":{"rendered":"http:\/\/localhost\/ramiro26\/sities\/"},"modified":"2026-04-23T22:18:33","modified_gmt":"2026-04-24T01:18:33","slug":"sities","status":"publish","type":"page","link":"https:\/\/www.ramirotorres.com.ar\/?page_id=1029","title":{"rendered":"SITIES"},"content":{"rendered":"\n<div class=\"wp-block-columns is-layout-flex wp-container-core-columns-is-layout-9d6595d7 wp-block-columns-is-layout-flex\">\n<div class=\"wp-block-column is-layout-flow wp-block-column-is-layout-flow\">\n<p>SITIES, sistema territorial de infraestructura escolar, es un sistema web desarrollado para resolver necesidades reales dentro del \u00e1rea de infraestructura escolar.<\/p>\n\n\n\n<p>Centraliza expedientes, asignaciones internas, historial de movimientos, escuelas geolocalizadas y estados operativos. Adem\u00e1s incorpora m\u00f3dulos espec\u00edficos como obras provinciales, salidas de transporte, panel estad\u00edstico y enlaces temporales para compartir reportes.<\/p>\n\n\n\n<p>El proyecto combina pensamiento estrat\u00e9gico, dise\u00f1o UX y desarrollo pr\u00e1ctico orientado a eficiencia estatal, trazabilidad y toma de decisiones.<\/p>\n<\/div>\n\n\n\n<div class=\"wp-block-column is-layout-flow wp-block-column-is-layout-flow\">\n<figure class=\"wp-block-image size-full\"><img loading=\"lazy\" decoding=\"async\" width=\"1254\" height=\"1254\" src=\"https:\/\/www.ramirotorres.com.ar\/wp-content\/uploads\/2026\/04\/sities3.png\" alt=\"\" class=\"wp-image-1035\" srcset=\"https:\/\/www.ramirotorres.com.ar\/wp-content\/uploads\/2026\/04\/sities3.png 1254w, https:\/\/www.ramirotorres.com.ar\/wp-content\/uploads\/2026\/04\/sities3-300x300.png 300w, https:\/\/www.ramirotorres.com.ar\/wp-content\/uploads\/2026\/04\/sities3-1024x1024.png 1024w, https:\/\/www.ramirotorres.com.ar\/wp-content\/uploads\/2026\/04\/sities3-150x150.png 150w, https:\/\/www.ramirotorres.com.ar\/wp-content\/uploads\/2026\/04\/sities3-768x768.png 768w\" sizes=\"auto, (max-width: 1254px) 100vw, 1254px\" \/><\/figure>\n<\/div>\n\n\n\n<div class=\"wp-block-column is-layout-flow wp-block-column-is-layout-flow\">\n<figure class=\"wp-block-image size-full\"><img loading=\"lazy\" decoding=\"async\" width=\"1254\" height=\"1254\" src=\"https:\/\/www.ramirotorres.com.ar\/wp-content\/uploads\/2026\/04\/sities1.png\" alt=\"\" class=\"wp-image-1031\" srcset=\"https:\/\/www.ramirotorres.com.ar\/wp-content\/uploads\/2026\/04\/sities1.png 1254w, https:\/\/www.ramirotorres.com.ar\/wp-content\/uploads\/2026\/04\/sities1-300x300.png 300w, https:\/\/www.ramirotorres.com.ar\/wp-content\/uploads\/2026\/04\/sities1-1024x1024.png 1024w, https:\/\/www.ramirotorres.com.ar\/wp-content\/uploads\/2026\/04\/sities1-150x150.png 150w, https:\/\/www.ramirotorres.com.ar\/wp-content\/uploads\/2026\/04\/sities1-768x768.png 768w\" sizes=\"auto, (max-width: 1254px) 100vw, 1254px\" \/><\/figure>\n<\/div>\n<\/div>\n","protected":false},"excerpt":{"rendered":"<p>SITIES, sistema territorial de infraestructura escolar, es un sistema web desarrollado para resolver necesidades reales dentro del \u00e1rea de infraestructura escolar. Centraliza expedientes, asignaciones internas, historial de movimientos, escuelas geolocalizadas y estados operativos. Adem\u00e1s incorpora m\u00f3dulos espec\u00edficos como obras provinciales, salidas de transporte, panel estad\u00edstico y enlaces temporales para compartir reportes. El proyecto combina pensamiento [&hellip;]<\/p>\n","protected":false},"author":1,"featured_media":1034,"parent":0,"menu_order":0,"comment_status":"closed","ping_status":"closed","template":"","meta":{"pgc_sgb_lightbox_settings":"","footnotes":""},"class_list":["post-1029","page","type-page","status-publish","has-post-thumbnail","hentry"],"yoast_head":"<!-- This site is optimized with the Yoast SEO plugin v27.4 - https:\/\/yoast.com\/product\/yoast-seo-wordpress\/ -->\n<title>SITIES - Ramiro Torres<\/title>\n<meta name=\"robots\" content=\"index, follow, max-snippet:-1, max-image-preview:large, max-video-preview:-1\" \/>\n<link rel=\"canonical\" href=\"https:\/\/www.ramirotorres.com.ar\/?page_id=1029\" \/>\n<meta property=\"og:locale\" content=\"es_ES\" \/>\n<meta property=\"og:type\" content=\"article\" \/>\n<meta property=\"og:title\" content=\"SITIES - Ramiro Torres\" \/>\n<meta property=\"og:description\" content=\"SITIES, sistema territorial de infraestructura escolar, es un sistema web desarrollado para resolver necesidades reales dentro del \u00e1rea de infraestructura escolar. Centraliza expedientes, asignaciones internas, historial de movimientos, escuelas geolocalizadas y estados operativos. Adem\u00e1s incorpora m\u00f3dulos espec\u00edficos como obras provinciales, salidas de transporte, panel estad\u00edstico y enlaces temporales para compartir reportes. El proyecto combina pensamiento [&hellip;]\" \/>\n<meta property=\"og:url\" content=\"https:\/\/www.ramirotorres.com.ar\/?page_id=1029\" \/>\n<meta property=\"og:site_name\" content=\"Ramiro Torres\" \/>\n<meta property=\"article:modified_time\" content=\"2026-04-24T01:18:33+00:00\" \/>\n<meta property=\"og:image\" content=\"https:\/\/www.ramirotorres.com.ar\/wp-content\/uploads\/2026\/04\/sities2.png\" \/>\n\t<meta property=\"og:image:width\" content=\"1898\" \/>\n\t<meta property=\"og:image:height\" content=\"1338\" \/>\n\t<meta property=\"og:image:type\" content=\"image\/png\" \/>\n<meta name=\"twitter:card\" content=\"summary_large_image\" \/>\n<meta name=\"twitter:label1\" content=\"Tiempo de lectura\" \/>\n\t<meta name=\"twitter:data1\" content=\"1 minuto\" \/>\n<script type=\"application\/ld+json\" class=\"yoast-schema-graph\">{\"@context\":\"https:\\\/\\\/schema.org\",\"@graph\":[{\"@type\":\"WebPage\",\"@id\":\"https:\\\/\\\/www.ramirotorres.com.ar\\\/?page_id=1029\",\"url\":\"https:\\\/\\\/www.ramirotorres.com.ar\\\/?page_id=1029\",\"name\":\"SITIES - Ramiro Torres\",\"isPartOf\":{\"@id\":\"https:\\\/\\\/www.ramirotorres.com.ar\\\/#website\"},\"primaryImageOfPage\":{\"@id\":\"https:\\\/\\\/www.ramirotorres.com.ar\\\/?page_id=1029#primaryimage\"},\"image\":{\"@id\":\"https:\\\/\\\/www.ramirotorres.com.ar\\\/?page_id=1029#primaryimage\"},\"thumbnailUrl\":\"https:\\\/\\\/www.ramirotorres.com.ar\\\/wp-content\\\/uploads\\\/2026\\\/04\\\/sities2.png\",\"datePublished\":\"2026-04-23T22:22:27+00:00\",\"dateModified\":\"2026-04-24T01:18:33+00:00\",\"breadcrumb\":{\"@id\":\"https:\\\/\\\/www.ramirotorres.com.ar\\\/?page_id=1029#breadcrumb\"},\"inLanguage\":\"es-AR\",\"potentialAction\":[{\"@type\":\"ReadAction\",\"target\":[\"https:\\\/\\\/www.ramirotorres.com.ar\\\/?page_id=1029\"]}]},{\"@type\":\"ImageObject\",\"inLanguage\":\"es-AR\",\"@id\":\"https:\\\/\\\/www.ramirotorres.com.ar\\\/?page_id=1029#primaryimage\",\"url\":\"https:\\\/\\\/www.ramirotorres.com.ar\\\/wp-content\\\/uploads\\\/2026\\\/04\\\/sities2.png\",\"contentUrl\":\"https:\\\/\\\/www.ramirotorres.com.ar\\\/wp-content\\\/uploads\\\/2026\\\/04\\\/sities2.png\",\"width\":1898,\"height\":1338},{\"@type\":\"BreadcrumbList\",\"@id\":\"https:\\\/\\\/www.ramirotorres.com.ar\\\/?page_id=1029#breadcrumb\",\"itemListElement\":[{\"@type\":\"ListItem\",\"position\":1,\"name\":\"Inicio\",\"item\":\"https:\\\/\\\/www.ramirotorres.com.ar\\\/\"},{\"@type\":\"ListItem\",\"position\":2,\"name\":\"SITIES\"}]},{\"@type\":\"WebSite\",\"@id\":\"https:\\\/\\\/www.ramirotorres.com.ar\\\/#website\",\"url\":\"https:\\\/\\\/www.ramirotorres.com.ar\\\/\",\"name\":\"Ramiro Torres\",\"description\":\"Portfolio multimedia, IA, video, grafica y sonido.\",\"potentialAction\":[{\"@type\":\"SearchAction\",\"target\":{\"@type\":\"EntryPoint\",\"urlTemplate\":\"https:\\\/\\\/www.ramirotorres.com.ar\\\/?s={search_term_string}\"},\"query-input\":{\"@type\":\"PropertyValueSpecification\",\"valueRequired\":true,\"valueName\":\"search_term_string\"}}],\"inLanguage\":\"es-AR\"}]}<\/script>\n<!-- \/ Yoast SEO plugin. -->","yoast_head_json":{"title":"SITIES - Ramiro Torres","robots":{"index":"index","follow":"follow","max-snippet":"max-snippet:-1","max-image-preview":"max-image-preview:large","max-video-preview":"max-video-preview:-1"},"canonical":"https:\/\/www.ramirotorres.com.ar\/?page_id=1029","og_locale":"es_ES","og_type":"article","og_title":"SITIES - Ramiro Torres","og_description":"SITIES, sistema territorial de infraestructura escolar, es un sistema web desarrollado para resolver necesidades reales dentro del \u00e1rea de infraestructura escolar. Centraliza expedientes, asignaciones internas, historial de movimientos, escuelas geolocalizadas y estados operativos. Adem\u00e1s incorpora m\u00f3dulos espec\u00edficos como obras provinciales, salidas de transporte, panel estad\u00edstico y enlaces temporales para compartir reportes. El proyecto combina pensamiento [&hellip;]","og_url":"https:\/\/www.ramirotorres.com.ar\/?page_id=1029","og_site_name":"Ramiro Torres","article_modified_time":"2026-04-24T01:18:33+00:00","og_image":[{"width":1898,"height":1338,"url":"https:\/\/www.ramirotorres.com.ar\/wp-content\/uploads\/2026\/04\/sities2.png","type":"image\/png"}],"twitter_card":"summary_large_image","twitter_misc":{"Tiempo de lectura":"1 minuto"},"schema":{"@context":"https:\/\/schema.org","@graph":[{"@type":"WebPage","@id":"https:\/\/www.ramirotorres.com.ar\/?page_id=1029","url":"https:\/\/www.ramirotorres.com.ar\/?page_id=1029","name":"SITIES - Ramiro Torres","isPartOf":{"@id":"https:\/\/www.ramirotorres.com.ar\/#website"},"primaryImageOfPage":{"@id":"https:\/\/www.ramirotorres.com.ar\/?page_id=1029#primaryimage"},"image":{"@id":"https:\/\/www.ramirotorres.com.ar\/?page_id=1029#primaryimage"},"thumbnailUrl":"https:\/\/www.ramirotorres.com.ar\/wp-content\/uploads\/2026\/04\/sities2.png","datePublished":"2026-04-23T22:22:27+00:00","dateModified":"2026-04-24T01:18:33+00:00","breadcrumb":{"@id":"https:\/\/www.ramirotorres.com.ar\/?page_id=1029#breadcrumb"},"inLanguage":"es-AR","potentialAction":[{"@type":"ReadAction","target":["https:\/\/www.ramirotorres.com.ar\/?page_id=1029"]}]},{"@type":"ImageObject","inLanguage":"es-AR","@id":"https:\/\/www.ramirotorres.com.ar\/?page_id=1029#primaryimage","url":"https:\/\/www.ramirotorres.com.ar\/wp-content\/uploads\/2026\/04\/sities2.png","contentUrl":"https:\/\/www.ramirotorres.com.ar\/wp-content\/uploads\/2026\/04\/sities2.png","width":1898,"height":1338},{"@type":"BreadcrumbList","@id":"https:\/\/www.ramirotorres.com.ar\/?page_id=1029#breadcrumb","itemListElement":[{"@type":"ListItem","position":1,"name":"Inicio","item":"https:\/\/www.ramirotorres.com.ar\/"},{"@type":"ListItem","position":2,"name":"SITIES"}]},{"@type":"WebSite","@id":"https:\/\/www.ramirotorres.com.ar\/#website","url":"https:\/\/www.ramirotorres.com.ar\/","name":"Ramiro Torres","description":"Portfolio multimedia, IA, video, grafica y sonido.","potentialAction":[{"@type":"SearchAction","target":{"@type":"EntryPoint","urlTemplate":"https:\/\/www.ramirotorres.com.ar\/?s={search_term_string}"},"query-input":{"@type":"PropertyValueSpecification","valueRequired":true,"valueName":"search_term_string"}}],"inLanguage":"es-AR"}]}},"_links":{"self":[{"href":"https:\/\/www.ramirotorres.com.ar\/index.php?rest_route=\/wp\/v2\/pages\/1029","targetHints":{"allow":["GET"]}}],"collection":[{"href":"https:\/\/www.ramirotorres.com.ar\/index.php?rest_route=\/wp\/v2\/pages"}],"about":[{"href":"https:\/\/www.ramirotorres.com.ar\/index.php?rest_route=\/wp\/v2\/types\/page"}],"author":[{"embeddable":true,"href":"https:\/\/www.ramirotorres.com.ar\/index.php?rest_route=\/wp\/v2\/users\/1"}],"replies":[{"embeddable":true,"href":"https:\/\/www.ramirotorres.com.ar\/index.php?rest_route=%2Fwp%2Fv2%2Fcomments&post=1029"}],"version-history":[{"count":3,"href":"https:\/\/www.ramirotorres.com.ar\/index.php?rest_route=\/wp\/v2\/pages\/1029\/revisions"}],"predecessor-version":[{"id":1036,"href":"https:\/\/www.ramirotorres.com.ar\/index.php?rest_route=\/wp\/v2\/pages\/1029\/revisions\/1036"}],"wp:featuredmedia":[{"embeddable":true,"href":"https:\/\/www.ramirotorres.com.ar\/index.php?rest_route=\/wp\/v2\/media\/1034"}],"wp:attachment":[{"href":"https:\/\/www.ramirotorres.com.ar\/index.php?rest_route=%2Fwp%2Fv2%2Fmedia&parent=1029"}],"curies":[{"name":"wp","href":"https:\/\/api.w.org\/{rel}","templated":true}]}}