{"id":154,"date":"2025-01-21T21:05:38","date_gmt":"2025-01-22T00:05:38","guid":{"rendered":"http:\/\/localhost\/r25\/?page_id=154"},"modified":"2026-04-23T21:45:47","modified_gmt":"2026-04-24T00:45:47","slug":"inicio","status":"publish","type":"page","link":"https:\/\/www.ramirotorres.com.ar\/","title":{"rendered":"Inicio"},"content":{"rendered":"\n<p>Dise\u00f1o proyectos que mezclan inteligencia artificial, direcci\u00f3n audiovisual, storytelling, imagen, sonido y desarrollo web para construir piezas memorables, compartibles y competitivas en b\u00fasqueda, redes y procesos laborales.<\/p>\n\n\n\n<p>El sitio fue reorganizado para destacar especializacion, resultados visuales, diversidad de formatos y una marca personal clara. La estrategia prioriza experiencia real, voz propia, estructura limpia, versi\u00f3n en ingles y metadatos preparados para compartir cada proyecto con una presencia profesional.<\/p>\n\n\n","protected":false},"excerpt":{"rendered":"<p>Portfolio profesional de Ramiro Torres: diseno multimedia, inteligencia artificial, video, grafica, sonido, musica y proyectos web con enfoque creativo y posicionamiento profesional.<\/p>\n","protected":false},"author":1,"featured_media":1056,"parent":0,"menu_order":0,"comment_status":"closed","ping_status":"closed","template":"","meta":{"pgc_sgb_lightbox_settings":"","footnotes":""},"class_list":["post-154","page","type-page","status-publish","has-post-thumbnail","hentry"],"yoast_head":"<!-- This site is optimized with the Yoast SEO plugin v27.4 - https:\/\/yoast.com\/product\/yoast-seo-wordpress\/ -->\n<title>Ramiro Torres | Dise\u00f1o Multimedia, IA y Desarrollo Web<\/title>\n<meta name=\"description\" content=\"Portfolio profesional de Ramiro Torres. Creador multimedia especializado en inteligencia artificial, dise\u00f1o UI\/UX, producci\u00f3n audiovisual y web.\" \/>\n<meta name=\"robots\" content=\"index, follow, max-snippet:-1, max-image-preview:large, max-video-preview:-1\" \/>\n<link rel=\"canonical\" href=\"https:\/\/www.ramirotorres.com.ar\/\" \/>\n<meta property=\"og:locale\" content=\"es_ES\" \/>\n<meta property=\"og:type\" content=\"article\" \/>\n<meta property=\"og:title\" content=\"Ramiro Torres | Portfolio creativo multimedia y web\" \/>\n<meta property=\"og:description\" content=\"Descubre mis \u00faltimos trabajos en dise\u00f1o, inteligencia artificial, producci\u00f3n de video y desarrollo frontend.\" \/>\n<meta property=\"og:url\" content=\"https:\/\/www.ramirotorres.com.ar\/\" \/>\n<meta property=\"og:site_name\" content=\"Ramiro Torres\" \/>\n<meta property=\"article:modified_time\" content=\"2026-04-24T00:45:47+00:00\" \/>\n<meta property=\"og:image\" content=\"https:\/\/www.ramirotorres.com.ar\/wp-content\/uploads\/2026\/04\/ramirotorres.jpg\" \/>\n\t<meta property=\"og:image:width\" content=\"1200\" \/>\n\t<meta property=\"og:image:height\" content=\"630\" \/>\n\t<meta property=\"og:image:type\" content=\"image\/jpeg\" \/>\n<meta name=\"twitter:card\" content=\"summary_large_image\" \/>\n<meta name=\"twitter:title\" content=\"Ramiro Torres | Portfolio creativo multimedia y web\" \/>\n<meta name=\"twitter:description\" content=\"Descubre mis \u00faltimos trabajos en dise\u00f1o, inteligencia artificial, producci\u00f3n de video y desarrollo frontend.\" \/>\n<meta name=\"twitter:image\" content=\"https:\/\/www.ramirotorres.com.ar\/wp-content\/uploads\/2026\/04\/ramirotorres.jpg\" \/>\n<meta name=\"twitter:label1\" content=\"Tiempo de lectura\" \/>\n\t<meta name=\"twitter:data1\" content=\"1 minuto\" \/>\n<script type=\"application\/ld+json\" class=\"yoast-schema-graph\">{\"@context\":\"https:\\\/\\\/schema.org\",\"@graph\":[{\"@type\":\"WebPage\",\"@id\":\"https:\\\/\\\/www.ramirotorres.com.ar\\\/\",\"url\":\"https:\\\/\\\/www.ramirotorres.com.ar\\\/\",\"name\":\"Ramiro Torres | Dise\u00f1o Multimedia, IA y Desarrollo Web\",\"isPartOf\":{\"@id\":\"https:\\\/\\\/www.ramirotorres.com.ar\\\/#website\"},\"primaryImageOfPage\":{\"@id\":\"https:\\\/\\\/www.ramirotorres.com.ar\\\/#primaryimage\"},\"image\":{\"@id\":\"https:\\\/\\\/www.ramirotorres.com.ar\\\/#primaryimage\"},\"thumbnailUrl\":\"https:\\\/\\\/www.ramirotorres.com.ar\\\/wp-content\\\/uploads\\\/2026\\\/04\\\/ramirotorres.jpg\",\"datePublished\":\"2025-01-22T00:05:38+00:00\",\"dateModified\":\"2026-04-24T00:45:47+00:00\",\"description\":\"Portfolio profesional de Ramiro Torres. Creador multimedia especializado en inteligencia artificial, dise\u00f1o UI\\\/UX, producci\u00f3n audiovisual y web.\",\"breadcrumb\":{\"@id\":\"https:\\\/\\\/www.ramirotorres.com.ar\\\/#breadcrumb\"},\"inLanguage\":\"es-AR\",\"potentialAction\":[{\"@type\":\"ReadAction\",\"target\":[\"https:\\\/\\\/www.ramirotorres.com.ar\\\/\"]}]},{\"@type\":\"ImageObject\",\"inLanguage\":\"es-AR\",\"@id\":\"https:\\\/\\\/www.ramirotorres.com.ar\\\/#primaryimage\",\"url\":\"https:\\\/\\\/www.ramirotorres.com.ar\\\/wp-content\\\/uploads\\\/2026\\\/04\\\/ramirotorres.jpg\",\"contentUrl\":\"https:\\\/\\\/www.ramirotorres.com.ar\\\/wp-content\\\/uploads\\\/2026\\\/04\\\/ramirotorres.jpg\",\"width\":1200,\"height\":630},{\"@type\":\"BreadcrumbList\",\"@id\":\"https:\\\/\\\/www.ramirotorres.com.ar\\\/#breadcrumb\",\"itemListElement\":[{\"@type\":\"ListItem\",\"position\":1,\"name\":\"Inicio\",\"item\":\"https:\\\/\\\/www.ramirotorres.com.ar\\\/\"},{\"@type\":\"ListItem\",\"position\":2,\"name\":\"Inicio\"}]},{\"@type\":\"WebSite\",\"@id\":\"https:\\\/\\\/www.ramirotorres.com.ar\\\/#website\",\"url\":\"https:\\\/\\\/www.ramirotorres.com.ar\\\/\",\"name\":\"Ramiro Torres\",\"description\":\"Portfolio multimedia, IA, video, grafica y sonido.\",\"potentialAction\":[{\"@type\":\"SearchAction\",\"target\":{\"@type\":\"EntryPoint\",\"urlTemplate\":\"https:\\\/\\\/www.ramirotorres.com.ar\\\/?s={search_term_string}\"},\"query-input\":{\"@type\":\"PropertyValueSpecification\",\"valueRequired\":true,\"valueName\":\"search_term_string\"}}],\"inLanguage\":\"es-AR\"}]}<\/script>\n<!-- \/ Yoast SEO plugin. -->","yoast_head_json":{"title":"Ramiro Torres | Dise\u00f1o Multimedia, IA y Desarrollo Web","description":"Portfolio profesional de Ramiro Torres. Creador multimedia especializado en inteligencia artificial, dise\u00f1o UI\/UX, producci\u00f3n audiovisual y web.","robots":{"index":"index","follow":"follow","max-snippet":"max-snippet:-1","max-image-preview":"max-image-preview:large","max-video-preview":"max-video-preview:-1"},"canonical":"https:\/\/www.ramirotorres.com.ar\/","og_locale":"es_ES","og_type":"article","og_title":"Ramiro Torres | Portfolio creativo multimedia y web","og_description":"Descubre mis \u00faltimos trabajos en dise\u00f1o, inteligencia artificial, producci\u00f3n de video y desarrollo frontend.","og_url":"https:\/\/www.ramirotorres.com.ar\/","og_site_name":"Ramiro Torres","article_modified_time":"2026-04-24T00:45:47+00:00","og_image":[{"width":1200,"height":630,"url":"https:\/\/www.ramirotorres.com.ar\/wp-content\/uploads\/2026\/04\/ramirotorres.jpg","type":"image\/jpeg"}],"twitter_card":"summary_large_image","twitter_title":"Ramiro Torres | Portfolio creativo multimedia y web","twitter_description":"Descubre mis \u00faltimos trabajos en dise\u00f1o, inteligencia artificial, producci\u00f3n de video y desarrollo frontend.","twitter_image":"https:\/\/www.ramirotorres.com.ar\/wp-content\/uploads\/2026\/04\/ramirotorres.jpg","twitter_misc":{"Tiempo de lectura":"1 minuto"},"schema":{"@context":"https:\/\/schema.org","@graph":[{"@type":"WebPage","@id":"https:\/\/www.ramirotorres.com.ar\/","url":"https:\/\/www.ramirotorres.com.ar\/","name":"Ramiro Torres | Dise\u00f1o Multimedia, IA y Desarrollo Web","isPartOf":{"@id":"https:\/\/www.ramirotorres.com.ar\/#website"},"primaryImageOfPage":{"@id":"https:\/\/www.ramirotorres.com.ar\/#primaryimage"},"image":{"@id":"https:\/\/www.ramirotorres.com.ar\/#primaryimage"},"thumbnailUrl":"https:\/\/www.ramirotorres.com.ar\/wp-content\/uploads\/2026\/04\/ramirotorres.jpg","datePublished":"2025-01-22T00:05:38+00:00","dateModified":"2026-04-24T00:45:47+00:00","description":"Portfolio profesional de Ramiro Torres. Creador multimedia especializado en inteligencia artificial, dise\u00f1o UI\/UX, producci\u00f3n audiovisual y web.","breadcrumb":{"@id":"https:\/\/www.ramirotorres.com.ar\/#breadcrumb"},"inLanguage":"es-AR","potentialAction":[{"@type":"ReadAction","target":["https:\/\/www.ramirotorres.com.ar\/"]}]},{"@type":"ImageObject","inLanguage":"es-AR","@id":"https:\/\/www.ramirotorres.com.ar\/#primaryimage","url":"https:\/\/www.ramirotorres.com.ar\/wp-content\/uploads\/2026\/04\/ramirotorres.jpg","contentUrl":"https:\/\/www.ramirotorres.com.ar\/wp-content\/uploads\/2026\/04\/ramirotorres.jpg","width":1200,"height":630},{"@type":"BreadcrumbList","@id":"https:\/\/www.ramirotorres.com.ar\/#breadcrumb","itemListElement":[{"@type":"ListItem","position":1,"name":"Inicio","item":"https:\/\/www.ramirotorres.com.ar\/"},{"@type":"ListItem","position":2,"name":"Inicio"}]},{"@type":"WebSite","@id":"https:\/\/www.ramirotorres.com.ar\/#website","url":"https:\/\/www.ramirotorres.com.ar\/","name":"Ramiro Torres","description":"Portfolio multimedia, IA, video, grafica y sonido.","potentialAction":[{"@type":"SearchAction","target":{"@type":"EntryPoint","urlTemplate":"https:\/\/www.ramirotorres.com.ar\/?s={search_term_string}"},"query-input":{"@type":"PropertyValueSpecification","valueRequired":true,"valueName":"search_term_string"}}],"inLanguage":"es-AR"}]}},"_links":{"self":[{"href":"https:\/\/www.ramirotorres.com.ar\/index.php?rest_route=\/wp\/v2\/pages\/154","targetHints":{"allow":["GET"]}}],"collection":[{"href":"https:\/\/www.ramirotorres.com.ar\/index.php?rest_route=\/wp\/v2\/pages"}],"about":[{"href":"https:\/\/www.ramirotorres.com.ar\/index.php?rest_route=\/wp\/v2\/types\/page"}],"author":[{"embeddable":true,"href":"https:\/\/www.ramirotorres.com.ar\/index.php?rest_route=\/wp\/v2\/users\/1"}],"replies":[{"embeddable":true,"href":"https:\/\/www.ramirotorres.com.ar\/index.php?rest_route=%2Fwp%2Fv2%2Fcomments&post=154"}],"version-history":[{"count":1,"href":"https:\/\/www.ramirotorres.com.ar\/index.php?rest_route=\/wp\/v2\/pages\/154\/revisions"}],"predecessor-version":[{"id":962,"href":"https:\/\/www.ramirotorres.com.ar\/index.php?rest_route=\/wp\/v2\/pages\/154\/revisions\/962"}],"wp:featuredmedia":[{"embeddable":true,"href":"https:\/\/www.ramirotorres.com.ar\/index.php?rest_route=\/wp\/v2\/media\/1056"}],"wp:attachment":[{"href":"https:\/\/www.ramirotorres.com.ar\/index.php?rest_route=%2Fwp%2Fv2%2Fmedia&parent=154"}],"curies":[{"name":"wp","href":"https:\/\/api.w.org\/{rel}","templated":true}]}}