{"id":376,"date":"2025-01-22T19:21:01","date_gmt":"2025-01-22T22:21:01","guid":{"rendered":"http:\/\/localhost\/ramiro26\/?page_id=376"},"modified":"2026-04-23T18:59:24","modified_gmt":"2026-04-23T21:59:24","slug":"audio-musica","status":"publish","type":"page","link":"https:\/\/www.ramirotorres.com.ar\/?page_id=376","title":{"rendered":"Audio \/ M\u00fasica"},"content":{"rendered":"\n<p>Este trabajo re\u00fane composiciones, mashups y exploraciones sonoras donde conviven instrumentos, edici\u00f3n, software musical y entrenamiento de voces con IA.<\/p>\n\n\n\n<p>La secci\u00f3n amplifica el posicionamiento del portfolio porque evidencia una capacidad poco com\u00fan: resolver identidad, atm\u00f3sfera y narrativa tambi\u00e9n desde el audio.<\/p>\n\n\n\n<div class=\"wp-block-columns is-layout-flex wp-container-core-columns-is-layout-9d6595d7 wp-block-columns-is-layout-flex\">\n<div class=\"wp-block-column is-layout-flow wp-block-column-is-layout-flow\">\n<div class=\"wp-block-columns is-layout-flex wp-container-core-columns-is-layout-9d6595d7 wp-block-columns-is-layout-flex\">\n<div class=\"wp-block-column is-layout-flow wp-block-column-is-layout-flow\">\n<figure class=\"wp-block-video\"><video height=\"1280\" style=\"aspect-ratio: 720 \/ 1280;\" width=\"720\" controls src=\"https:\/\/www.ramirotorres.com.ar\/wp-content\/uploads\/2025\/01\/sudestada-time.mp4\"><\/video><\/figure>\n<\/div>\n\n\n\n<div class=\"wp-block-column is-layout-flow wp-block-column-is-layout-flow\">\n<figure class=\"wp-block-video\"><video height=\"960\" style=\"aspect-ratio: 540 \/ 960;\" width=\"540\" controls src=\"https:\/\/www.ramirotorres.com.ar\/wp-content\/uploads\/2025\/01\/sera.mp4\"><\/video><\/figure>\n<\/div>\n\n\n\n<div class=\"wp-block-column is-layout-flow wp-block-column-is-layout-flow\">\n<figure class=\"wp-block-video\"><video height=\"960\" style=\"aspect-ratio: 540 \/ 960;\" width=\"540\" controls src=\"https:\/\/www.ramirotorres.com.ar\/wp-content\/uploads\/2025\/01\/ella-dijo.mp4\"><\/video><\/figure>\n<\/div>\n<\/div>\n<\/div>\n\n\n\n<div class=\"wp-block-column is-layout-flow wp-block-column-is-layout-flow\">\n<div class=\"wp-block-columns is-layout-flex wp-container-core-columns-is-layout-9d6595d7 wp-block-columns-is-layout-flex\">\n<div class=\"wp-block-column is-layout-flow wp-block-column-is-layout-flow\">\n<figure class=\"wp-block-video\"><video height=\"1280\" style=\"aspect-ratio: 720 \/ 1280;\" width=\"720\" controls src=\"https:\/\/www.ramirotorres.com.ar\/wp-content\/uploads\/2025\/01\/elisir.mp4\"><\/video><\/figure>\n<\/div>\n\n\n\n<div class=\"wp-block-column is-layout-flow wp-block-column-is-layout-flow\">\n<figure class=\"wp-block-video\"><video height=\"1280\" style=\"aspect-ratio: 720 \/ 1280;\" width=\"720\" controls src=\"https:\/\/www.ramirotorres.com.ar\/wp-content\/uploads\/2025\/01\/ede.mp4\"><\/video><\/figure>\n<\/div>\n\n\n\n<div class=\"wp-block-column is-layout-flow wp-block-column-is-layout-flow\">\n<figure class=\"wp-block-video\"><video height=\"960\" style=\"aspect-ratio: 540 \/ 960;\" width=\"540\" controls src=\"https:\/\/www.ramirotorres.com.ar\/wp-content\/uploads\/2025\/01\/borbotones.mp4\"><\/video><\/figure>\n<\/div>\n<\/div>\n<\/div>\n<\/div>\n\n","protected":false},"excerpt":{"rendered":"<p>Coleccion de piezas musicales y sonoras que mezclan tecnica tradicional con herramientas contemporaneas y procesos IA.<\/p>\n","protected":false},"author":1,"featured_media":1022,"parent":0,"menu_order":0,"comment_status":"closed","ping_status":"closed","template":"","meta":{"pgc_sgb_lightbox_settings":"","footnotes":""},"class_list":["post-376","page","type-page","status-publish","has-post-thumbnail","hentry"],"yoast_head":"<!-- This site is optimized with the Yoast SEO plugin v27.4 - https:\/\/yoast.com\/product\/yoast-seo-wordpress\/ -->\n<title>Audio \/ Musica - Ramiro Torres<\/title>\n<meta name=\"robots\" content=\"index, follow, max-snippet:-1, max-image-preview:large, max-video-preview:-1\" \/>\n<link rel=\"canonical\" href=\"https:\/\/www.ramirotorres.com.ar\/?page_id=376\" \/>\n<meta property=\"og:locale\" content=\"es_ES\" \/>\n<meta property=\"og:type\" content=\"article\" \/>\n<meta property=\"og:title\" content=\"Audio \/ Musica - Ramiro Torres\" \/>\n<meta property=\"og:description\" content=\"Coleccion de piezas musicales y sonoras que mezclan tecnica tradicional con herramientas contemporaneas y procesos IA.\" \/>\n<meta property=\"og:url\" content=\"https:\/\/www.ramirotorres.com.ar\/?page_id=376\" \/>\n<meta property=\"og:site_name\" content=\"Ramiro Torres\" \/>\n<meta property=\"article:modified_time\" content=\"2026-04-23T21:59:24+00:00\" \/>\n<meta property=\"og:image\" content=\"https:\/\/www.ramirotorres.com.ar\/wp-content\/uploads\/2026\/04\/musica.png\" \/>\n\t<meta property=\"og:image:width\" content=\"1448\" \/>\n\t<meta property=\"og:image:height\" content=\"1086\" \/>\n\t<meta property=\"og:image:type\" content=\"image\/png\" \/>\n<meta name=\"twitter:card\" content=\"summary_large_image\" \/>\n<script type=\"application\/ld+json\" class=\"yoast-schema-graph\">{\"@context\":\"https:\\\/\\\/schema.org\",\"@graph\":[{\"@type\":\"WebPage\",\"@id\":\"https:\\\/\\\/www.ramirotorres.com.ar\\\/?page_id=376\",\"url\":\"https:\\\/\\\/www.ramirotorres.com.ar\\\/?page_id=376\",\"name\":\"Audio \\\/ Musica - Ramiro Torres\",\"isPartOf\":{\"@id\":\"https:\\\/\\\/www.ramirotorres.com.ar\\\/#website\"},\"primaryImageOfPage\":{\"@id\":\"https:\\\/\\\/www.ramirotorres.com.ar\\\/?page_id=376#primaryimage\"},\"image\":{\"@id\":\"https:\\\/\\\/www.ramirotorres.com.ar\\\/?page_id=376#primaryimage\"},\"thumbnailUrl\":\"https:\\\/\\\/www.ramirotorres.com.ar\\\/wp-content\\\/uploads\\\/2026\\\/04\\\/musica.png\",\"datePublished\":\"2025-01-22T22:21:01+00:00\",\"dateModified\":\"2026-04-23T21:59:24+00:00\",\"breadcrumb\":{\"@id\":\"https:\\\/\\\/www.ramirotorres.com.ar\\\/?page_id=376#breadcrumb\"},\"inLanguage\":\"es-AR\",\"potentialAction\":[{\"@type\":\"ReadAction\",\"target\":[\"https:\\\/\\\/www.ramirotorres.com.ar\\\/?page_id=376\"]}]},{\"@type\":\"ImageObject\",\"inLanguage\":\"es-AR\",\"@id\":\"https:\\\/\\\/www.ramirotorres.com.ar\\\/?page_id=376#primaryimage\",\"url\":\"https:\\\/\\\/www.ramirotorres.com.ar\\\/wp-content\\\/uploads\\\/2026\\\/04\\\/musica.png\",\"contentUrl\":\"https:\\\/\\\/www.ramirotorres.com.ar\\\/wp-content\\\/uploads\\\/2026\\\/04\\\/musica.png\",\"width\":1448,\"height\":1086},{\"@type\":\"BreadcrumbList\",\"@id\":\"https:\\\/\\\/www.ramirotorres.com.ar\\\/?page_id=376#breadcrumb\",\"itemListElement\":[{\"@type\":\"ListItem\",\"position\":1,\"name\":\"Inicio\",\"item\":\"https:\\\/\\\/www.ramirotorres.com.ar\\\/\"},{\"@type\":\"ListItem\",\"position\":2,\"name\":\"Audio \\\/ Musica\"}]},{\"@type\":\"WebSite\",\"@id\":\"https:\\\/\\\/www.ramirotorres.com.ar\\\/#website\",\"url\":\"https:\\\/\\\/www.ramirotorres.com.ar\\\/\",\"name\":\"Ramiro Torres\",\"description\":\"Portfolio multimedia, IA, video, grafica y sonido.\",\"potentialAction\":[{\"@type\":\"SearchAction\",\"target\":{\"@type\":\"EntryPoint\",\"urlTemplate\":\"https:\\\/\\\/www.ramirotorres.com.ar\\\/?s={search_term_string}\"},\"query-input\":{\"@type\":\"PropertyValueSpecification\",\"valueRequired\":true,\"valueName\":\"search_term_string\"}}],\"inLanguage\":\"es-AR\"}]}<\/script>\n<!-- \/ Yoast SEO plugin. -->","yoast_head_json":{"title":"Audio \/ Musica - Ramiro Torres","robots":{"index":"index","follow":"follow","max-snippet":"max-snippet:-1","max-image-preview":"max-image-preview:large","max-video-preview":"max-video-preview:-1"},"canonical":"https:\/\/www.ramirotorres.com.ar\/?page_id=376","og_locale":"es_ES","og_type":"article","og_title":"Audio \/ Musica - Ramiro Torres","og_description":"Coleccion de piezas musicales y sonoras que mezclan tecnica tradicional con herramientas contemporaneas y procesos IA.","og_url":"https:\/\/www.ramirotorres.com.ar\/?page_id=376","og_site_name":"Ramiro Torres","article_modified_time":"2026-04-23T21:59:24+00:00","og_image":[{"width":1448,"height":1086,"url":"https:\/\/www.ramirotorres.com.ar\/wp-content\/uploads\/2026\/04\/musica.png","type":"image\/png"}],"twitter_card":"summary_large_image","schema":{"@context":"https:\/\/schema.org","@graph":[{"@type":"WebPage","@id":"https:\/\/www.ramirotorres.com.ar\/?page_id=376","url":"https:\/\/www.ramirotorres.com.ar\/?page_id=376","name":"Audio \/ Musica - Ramiro Torres","isPartOf":{"@id":"https:\/\/www.ramirotorres.com.ar\/#website"},"primaryImageOfPage":{"@id":"https:\/\/www.ramirotorres.com.ar\/?page_id=376#primaryimage"},"image":{"@id":"https:\/\/www.ramirotorres.com.ar\/?page_id=376#primaryimage"},"thumbnailUrl":"https:\/\/www.ramirotorres.com.ar\/wp-content\/uploads\/2026\/04\/musica.png","datePublished":"2025-01-22T22:21:01+00:00","dateModified":"2026-04-23T21:59:24+00:00","breadcrumb":{"@id":"https:\/\/www.ramirotorres.com.ar\/?page_id=376#breadcrumb"},"inLanguage":"es-AR","potentialAction":[{"@type":"ReadAction","target":["https:\/\/www.ramirotorres.com.ar\/?page_id=376"]}]},{"@type":"ImageObject","inLanguage":"es-AR","@id":"https:\/\/www.ramirotorres.com.ar\/?page_id=376#primaryimage","url":"https:\/\/www.ramirotorres.com.ar\/wp-content\/uploads\/2026\/04\/musica.png","contentUrl":"https:\/\/www.ramirotorres.com.ar\/wp-content\/uploads\/2026\/04\/musica.png","width":1448,"height":1086},{"@type":"BreadcrumbList","@id":"https:\/\/www.ramirotorres.com.ar\/?page_id=376#breadcrumb","itemListElement":[{"@type":"ListItem","position":1,"name":"Inicio","item":"https:\/\/www.ramirotorres.com.ar\/"},{"@type":"ListItem","position":2,"name":"Audio \/ Musica"}]},{"@type":"WebSite","@id":"https:\/\/www.ramirotorres.com.ar\/#website","url":"https:\/\/www.ramirotorres.com.ar\/","name":"Ramiro Torres","description":"Portfolio multimedia, IA, video, grafica y sonido.","potentialAction":[{"@type":"SearchAction","target":{"@type":"EntryPoint","urlTemplate":"https:\/\/www.ramirotorres.com.ar\/?s={search_term_string}"},"query-input":{"@type":"PropertyValueSpecification","valueRequired":true,"valueName":"search_term_string"}}],"inLanguage":"es-AR"}]}},"_links":{"self":[{"href":"https:\/\/www.ramirotorres.com.ar\/index.php?rest_route=\/wp\/v2\/pages\/376","targetHints":{"allow":["GET"]}}],"collection":[{"href":"https:\/\/www.ramirotorres.com.ar\/index.php?rest_route=\/wp\/v2\/pages"}],"about":[{"href":"https:\/\/www.ramirotorres.com.ar\/index.php?rest_route=\/wp\/v2\/types\/page"}],"author":[{"embeddable":true,"href":"https:\/\/www.ramirotorres.com.ar\/index.php?rest_route=\/wp\/v2\/users\/1"}],"replies":[{"embeddable":true,"href":"https:\/\/www.ramirotorres.com.ar\/index.php?rest_route=%2Fwp%2Fv2%2Fcomments&post=376"}],"version-history":[{"count":1,"href":"https:\/\/www.ramirotorres.com.ar\/index.php?rest_route=\/wp\/v2\/pages\/376\/revisions"}],"predecessor-version":[{"id":994,"href":"https:\/\/www.ramirotorres.com.ar\/index.php?rest_route=\/wp\/v2\/pages\/376\/revisions\/994"}],"wp:featuredmedia":[{"embeddable":true,"href":"https:\/\/www.ramirotorres.com.ar\/index.php?rest_route=\/wp\/v2\/media\/1022"}],"wp:attachment":[{"href":"https:\/\/www.ramirotorres.com.ar\/index.php?rest_route=%2Fwp%2Fv2%2Fmedia&parent=376"}],"curies":[{"name":"wp","href":"https:\/\/api.w.org\/{rel}","templated":true}]}}