{"id":45,"date":"2025-01-21T17:50:01","date_gmt":"2025-01-21T20:50:01","guid":{"rendered":"http:\/\/localhost\/r25\/?page_id=45"},"modified":"2026-04-23T19:01:36","modified_gmt":"2026-04-23T22:01:36","slug":"varios","status":"publish","type":"page","link":"https:\/\/www.ramirotorres.com.ar\/?page_id=45","title":{"rendered":"Varios"},"content":{"rendered":"\n<p>Esta secci\u00f3n funciona como un laboratorio donde conviven piezas breves, pruebas de lenguaje, ideas en desarrollo y formatos mixtos que ampl\u00edan el mapa del portfolio.<\/p>\n\n\n\n<p>Sirve para mostrar versatilidad, curiosidad t\u00e9cnica y capacidad de experimentar sin perder criterio visual ni direcci\u00f3n narrativa.<\/p>\n\n\n\n<div class=\"wp-block-columns is-layout-flex wp-container-core-columns-is-layout-9d6595d7 wp-block-columns-is-layout-flex\">\n<div class=\"wp-block-column is-layout-flow wp-block-column-is-layout-flow\">\n<div class=\"wp-block-columns is-layout-flex wp-container-core-columns-is-layout-9d6595d7 wp-block-columns-is-layout-flex\">\n<div class=\"wp-block-column is-layout-flow wp-block-column-is-layout-flow\">\n<figure class=\"wp-block-embed is-type-video is-provider-youtube wp-block-embed-youtube wp-embed-aspect-16-9 wp-has-aspect-ratio\"><div class=\"wp-block-embed__wrapper\">\n<iframe loading=\"lazy\" title=\"La l\u00e1mpara (cortometraje #IA)\" width=\"500\" height=\"281\" src=\"https:\/\/www.youtube.com\/embed\/2ai654KJAf4?feature=oembed\" frameborder=\"0\" allow=\"accelerometer; autoplay; clipboard-write; encrypted-media; gyroscope; picture-in-picture; web-share\" referrerpolicy=\"strict-origin-when-cross-origin\" allowfullscreen><\/iframe>\n<\/div><\/figure>\n<\/div>\n\n\n\n<div class=\"wp-block-column is-layout-flow wp-block-column-is-layout-flow\">\n<p><strong>&#8220;La L\u00e1mpara&#8221;<\/strong> es un cortometraje completamente creado utilizando herramientas de inteligencia Artificial en cada una de sus etapas. Desde la traducci\u00f3n y la adaptaci\u00f3n del gui\u00f3n, hasta la elaboraci\u00f3n de los prompts, todo el proceso fue guiado por IA. Los actores no son humanos, sino im\u00e1genes generadas y ajustadas digitalmente. Adem\u00e1s, las animaciones, los efectos de sonido, la m\u00fasica original y mi propia voz sintetizada (s\u00ed, las errres son m\u00edas) tambi\u00e9n fueron creados mediante estas tecnolog\u00edas. Cada detalle refleja el potencial de la IA aplicada al arte y la narrativa audiovisual.<\/p>\n<\/div>\n<\/div>\n<\/div>\n\n\n\n<div class=\"wp-block-column is-layout-flow wp-block-column-is-layout-flow\">\n<div class=\"wp-block-columns is-layout-flex wp-container-core-columns-is-layout-9d6595d7 wp-block-columns-is-layout-flex\">\n<div class=\"wp-block-column is-layout-flow wp-block-column-is-layout-flow\">\n<figure class=\"wp-block-video\"><video height=\"1280\" style=\"aspect-ratio: 720 \/ 1280;\" width=\"720\" controls src=\"https:\/\/www.ramirotorres.com.ar\/wp-content\/uploads\/2025\/01\/laldea-3.mp4\"><\/video><\/figure>\n<\/div>\n\n\n\n<div class=\"wp-block-column is-layout-flow wp-block-column-is-layout-flow\">\n<p><strong>&#8220;Laldea&#8221;. <\/strong>A finales de los 80 y principios de los 90, un diario local acompa\u00f1aba su edici\u00f3n de los jueves con una revista de historietas que inclu\u00eda t\u00edtulos emblem\u00e1ticos como Nippur de Lagash, Savarese y Mi novia y yo. Fue gracias a esas publicaciones que descubr\u00ed estas obras maestras, creadas por talentos extraordinarios como el guionista paraguayo Robin Wood y los artistas argentinos Lucho Olivera y Guillermo Guerrero. La est\u00e9tica inconfundible de esas historietas me marc\u00f3 profundamente, y en este proyecto he intentado recrearla utilizando herramientas como la inteligencia artificial.<\/p>\n<\/div>\n<\/div>\n<\/div>\n<\/div>\n\n\n\n<div class=\"wp-block-columns is-layout-flex wp-container-core-columns-is-layout-9d6595d7 wp-block-columns-is-layout-flex\">\n<div class=\"wp-block-column is-layout-flow wp-block-column-is-layout-flow\">\n<div class=\"wp-block-columns is-layout-flex wp-container-core-columns-is-layout-9d6595d7 wp-block-columns-is-layout-flex\">\n<div class=\"wp-block-column is-layout-flow wp-block-column-is-layout-flow\">\n<figure class=\"wp-block-video\"><video height=\"1080\" style=\"aspect-ratio: 1080 \/ 1080;\" width=\"1080\" controls src=\"https:\/\/www.ramirotorres.com.ar\/wp-content\/uploads\/2025\/02\/Img-2021.mp4\"><\/video><\/figure>\n<\/div>\n\n\n\n<div class=\"wp-block-column is-layout-flow wp-block-column-is-layout-flow\">\n<figure class=\"wp-block-video\"><video height=\"1080\" style=\"aspect-ratio: 1080 \/ 1080;\" width=\"1080\" controls src=\"https:\/\/www.ramirotorres.com.ar\/wp-content\/uploads\/2025\/02\/Img-2050.mp4\"><\/video><\/figure>\n<\/div>\n<\/div>\n<\/div>\n\n\n\n<div class=\"wp-block-column is-layout-flow wp-block-column-is-layout-flow\">\n<div class=\"wp-block-columns is-layout-flex wp-container-core-columns-is-layout-9d6595d7 wp-block-columns-is-layout-flex\">\n<div class=\"wp-block-column is-layout-flow wp-block-column-is-layout-flow\">\n<figure class=\"wp-block-video\"><video height=\"1080\" style=\"aspect-ratio: 1080 \/ 1080;\" width=\"1080\" controls src=\"https:\/\/www.ramirotorres.com.ar\/wp-content\/uploads\/2025\/02\/Img-2114.mp4\"><\/video><\/figure>\n<\/div>\n\n\n\n<div class=\"wp-block-column is-layout-flow wp-block-column-is-layout-flow\">\n<figure class=\"wp-block-video\"><video height=\"1280\" style=\"aspect-ratio: 720 \/ 1280;\" width=\"720\" controls src=\"https:\/\/www.ramirotorres.com.ar\/wp-content\/uploads\/2025\/02\/IMG_3010.mp4\"><\/video><\/figure>\n<\/div>\n<\/div>\n<\/div>\n<\/div>\n\n\n\n<div class=\"wp-block-columns is-layout-flex wp-container-core-columns-is-layout-9d6595d7 wp-block-columns-is-layout-flex\">\n<div class=\"wp-block-column is-layout-flow wp-block-column-is-layout-flow\">\n<div class=\"wp-block-columns is-layout-flex wp-container-core-columns-is-layout-9d6595d7 wp-block-columns-is-layout-flex\">\n<div class=\"wp-block-column is-layout-flow wp-block-column-is-layout-flow\">\n<p><strong>&#8220;Plastilina PopRock&#8221; <\/strong> es una serie de cuatro reels en la que, aplicando diversas herramientas de inteligencia artificial, logr\u00e9 simular la est\u00e9tica y el movimiento caracter\u00edstico del claymotion para dar vida a caricaturas animadas de \u00edconos del rock y pop nacional argentino cl\u00e1sico. Este proyecto fusiona la nostalgia con la innovaci\u00f3n, reinterpretando a los grandes artistas en un formato visual \u00fanico que homenajea su legado con una est\u00e9tica artesanal y vibrante, pero generada digitalmente.<\/p>\n\n\n\n<p>Adem\u00e1s de las animaciones, los sonidos ambientales tambi\u00e9n han sido generados con inteligencia artificial, a\u00f1adiendo una dimensi\u00f3n auditiva que complementa la experiencia visual. Este proyecto busca transportar a las personas a aquellos momentos hist\u00f3ricos y ofrecer una perspectiva \u00fanica del pasado de Tucum\u00e1n, conectando su rica historia con el presente a trav\u00e9s de la innovaci\u00f3n tecnol\u00f3gica.<\/p>\n<\/div>\n<\/div>\n<\/div>\n<\/div>\n\n\n\n<div class=\"wp-block-columns is-layout-flex wp-container-core-columns-is-layout-9d6595d7 wp-block-columns-is-layout-flex\">\n<div class=\"wp-block-column is-layout-flow wp-block-column-is-layout-flow\">\n<div class=\"wp-block-columns is-layout-flex wp-container-core-columns-is-layout-9d6595d7 wp-block-columns-is-layout-flex\">\n<div class=\"wp-block-column is-layout-flow wp-block-column-is-layout-flow\">\n<figure class=\"wp-block-video\"><video height=\"1280\" style=\"aspect-ratio: 720 \/ 1280;\" width=\"720\" controls src=\"https:\/\/www.ramirotorres.com.ar\/wp-content\/uploads\/2025\/01\/vt1.mp4\"><\/video><\/figure>\n<\/div>\n\n\n\n<div class=\"wp-block-column is-layout-flow wp-block-column-is-layout-flow\">\n<figure class=\"wp-block-video\"><video height=\"1280\" style=\"aspect-ratio: 720 \/ 1280;\" width=\"720\" controls src=\"https:\/\/www.ramirotorres.com.ar\/wp-content\/uploads\/2025\/01\/vt2.mp4\"><\/video><\/figure>\n<\/div>\n<\/div>\n<\/div>\n\n\n\n<div class=\"wp-block-column is-layout-flow wp-block-column-is-layout-flow\">\n<div class=\"wp-block-columns is-layout-flex wp-container-core-columns-is-layout-9d6595d7 wp-block-columns-is-layout-flex\">\n<div class=\"wp-block-column is-layout-flow wp-block-column-is-layout-flow\">\n<figure class=\"wp-block-video\"><video height=\"1280\" style=\"aspect-ratio: 720 \/ 1280;\" width=\"720\" controls src=\"https:\/\/www.ramirotorres.com.ar\/wp-content\/uploads\/2025\/01\/vt3.mp4\"><\/video><\/figure>\n<\/div>\n\n\n\n<div class=\"wp-block-column is-layout-flow wp-block-column-is-layout-flow\">\n<p><strong>&#8220;El viejo Tucum\u00e1n en movimiento&#8221;. <\/strong>Utilizando fotograf\u00edas antiguas, he creado videos que permiten dar vida a estas im\u00e1genes del pasado gracias al uso de inteligencia artificial. Cada video se inspira en fotograf\u00edas ic\u00f3nicas, como la primera captura de Paganelli que muestra la Plaza Independencia en el siglo XIX, recreando c\u00f3mo podr\u00edan haberse sentido las calles en esa \u00e9poca.<\/p>\n\n\n\n<p>Adem\u00e1s de las animaciones, los sonidos ambientales tambi\u00e9n han sido generados con inteligencia artificial, a\u00f1adiendo una dimensi\u00f3n auditiva que complementa la experiencia visual. Este proyecto busca transportar a las personas a aquellos momentos hist\u00f3ricos y ofrecer una perspectiva \u00fanica del pasado de Tucum\u00e1n, conectando su rica historia con el presente a trav\u00e9s de la innovaci\u00f3n tecnol\u00f3gica.<\/p>\n<\/div>\n<\/div>\n<\/div>\n<\/div>\n\n\n\n<div class=\"wp-block-columns is-layout-flex wp-container-core-columns-is-layout-9d6595d7 wp-block-columns-is-layout-flex\">\n<div class=\"wp-block-column is-layout-flow wp-block-column-is-layout-flow\" style=\"flex-basis:33.33%\">\n<p><strong>Art3D: Dando vida al arte cl\u00e1sico.<\/strong><br>En esta serie de reels, utilizo avanzadas t\u00e9cnicas de edici\u00f3n y herramientas digitales para dar profundidad y movimiento a obras de arte ic\u00f3nicas. Cada pieza se transforma en una experiencia visual din\u00e1mica, donde las pinturas y esculturas parecen cobrar vida, revelando detalles y perspectivas que pasan desapercibidos a simple vista.<\/p>\n\n\n\n<p>El objetivo de Art3D es reimaginar estas creaciones atemporales, permitiendo que el espectador las redescubra de una manera novedosa e inmersiva, conectando el pasado art\u00edstico con la tecnolog\u00eda moderna. Un homenaje a los grandes maestros del arte, ahora visto a trav\u00e9s de una nueva dimensi\u00f3n.<\/p>\n<\/div>\n\n\n\n<div class=\"wp-block-column is-layout-flow wp-block-column-is-layout-flow\" style=\"flex-basis:66.66%\">\n<div class=\"wp-block-columns is-layout-flex wp-container-core-columns-is-layout-9d6595d7 wp-block-columns-is-layout-flex\">\n<div class=\"wp-block-column is-layout-flow wp-block-column-is-layout-flow\">\n<figure class=\"wp-block-video\"><video height=\"800\" style=\"aspect-ratio: 640 \/ 800;\" width=\"640\" controls src=\"https:\/\/www.ramirotorres.com.ar\/wp-content\/uploads\/2025\/01\/misc-las-meninas.mp4\"><\/video><\/figure>\n<\/div>\n\n\n\n<div class=\"wp-block-column is-layout-flow wp-block-column-is-layout-flow\">\n<figure class=\"wp-block-video\"><video height=\"800\" style=\"aspect-ratio: 640 \/ 800;\" width=\"640\" controls src=\"https:\/\/www.ramirotorres.com.ar\/wp-content\/uploads\/2025\/01\/misc-terraza-van-gogh.mp4\"><\/video><\/figure>\n<\/div>\n\n\n\n<div class=\"wp-block-column is-layout-flow wp-block-column-is-layout-flow\">\n<figure class=\"wp-block-video\"><video height=\"480\" style=\"aspect-ratio: 640 \/ 480;\" width=\"640\" controls src=\"https:\/\/www.ramirotorres.com.ar\/wp-content\/uploads\/2025\/01\/misc-van-gogh2-1.mp4\"><\/video><\/figure>\n<\/div>\n<\/div>\n<\/div>\n<\/div>\n\n\n\n<div class=\"wp-block-columns is-layout-flex wp-container-core-columns-is-layout-9d6595d7 wp-block-columns-is-layout-flex\">\n<div class=\"wp-block-column is-layout-flow wp-block-column-is-layout-flow\">\n<figure class=\"wp-block-video\"><video height=\"1280\" style=\"aspect-ratio: 720 \/ 1280;\" width=\"720\" controls src=\"https:\/\/www.ramirotorres.com.ar\/wp-content\/uploads\/2025\/01\/misc-los-simuladores-1.mp4\"><\/video><\/figure>\n<\/div>\n\n\n\n<div class=\"wp-block-column is-layout-flow wp-block-column-is-layout-flow\">\n<p><strong>Panavision 70: Reimaginando mundos con inteligencia artificial.<\/strong><\/p>\n\n\n\n<p>En este proyecto, presento dos audiovisuales que exploran c\u00f3mo la inteligencia artificial puede recrear y transformar historias conocidas en realidades alternativas llenas de est\u00e9tica retro y nostalgia.<\/p>\n\n\n\n<p>El primero reimagina &#8220;Los Simuladores&#8221;, la ic\u00f3nica serie de televisi\u00f3n argentina de principios de los 2000, como si hubiera sido producida en los a\u00f1os 70. Aqu\u00ed, la IA no solo ayuda a capturar la atm\u00f3sfera visual y sonora de la \u00e9poca, sino que tambi\u00e9n da vida a escenarios y detalles que homenajean esa era del entretenimiento.<\/p>\n\n\n\n<p>El segundo audiovisual, titulado &#8220;Muchachos&#8221;, imagina al seleccionado argentino de f\u00fatbol alz\u00e1ndose con la copa de un Mundial en el que, en la realidad, no pudo participar tras haber sido descalificado. Desde uniformes y estadios con est\u00e9tica retro, hasta una narraci\u00f3n que mezcla emoci\u00f3n y fantas\u00eda, este video recrea c\u00f3mo pudo haber sido ese triunfo imposible.<\/p>\n\n\n\n<p>Ambos trabajos son un ejercicio de creatividad y t\u00e9cnica, combinando herramientas de IA con guiones originales para ofrecer un viaje nost\u00e1lgico y alternativo que invita a so\u00f1ar con &#8220;lo que pudo haber sido&#8221;.<\/p>\n<\/div>\n\n\n\n<div class=\"wp-block-column is-layout-flow wp-block-column-is-layout-flow\">\n<figure class=\"wp-block-video\"><video height=\"1280\" style=\"aspect-ratio: 720 \/ 1280;\" width=\"720\" controls src=\"https:\/\/www.ramirotorres.com.ar\/wp-content\/uploads\/2025\/01\/misc-muchachos.mp4\"><\/video><\/figure>\n<\/div>\n<\/div>\n\n\n\n<div class=\"wp-block-columns is-layout-flex wp-container-core-columns-is-layout-9d6595d7 wp-block-columns-is-layout-flex\">\n<div class=\"wp-block-column is-layout-flow wp-block-column-is-layout-flow\">\n<figure class=\"wp-block-video\"><video height=\"1280\" style=\"aspect-ratio: 720 \/ 1280;\" width=\"720\" controls src=\"https:\/\/www.ramirotorres.com.ar\/wp-content\/uploads\/2025\/01\/misc-soda-1.mp4\"><\/video><\/figure>\n<\/div>\n\n\n\n<div class=\"wp-block-column is-layout-flow wp-block-column-is-layout-flow\">\n<p><strong>Fusionando rock argentino y creatividad con inteligencia artificial<\/strong><\/p>\n\n\n\n<p>En este proyecto, presento dos reels que exploran la relaci\u00f3n entre el rock y el pop nacional argentino con las infinitas posibilidades creativas que ofrece la inteligencia artificial, logrando homenajes \u00fanicos a trav\u00e9s de t\u00e9cnicas innovadoras.<\/p>\n\n\n\n<p>En el primero, ampl\u00edo y doy movimiento a las ic\u00f3nicas tapas de discos argentinos, transform\u00e1ndolas en experiencias inmersivas. Estas portadas, que forman parte del imaginario colectivo de la m\u00fasica nacional, cobran vida con profundidad y animaci\u00f3n, permitiendo apreciar detalles nunca antes vistos y ofreciendo una nueva perspectiva sobre estas obras cl\u00e1sicas.<\/p>\n\n\n\n<p>El segundo reel es una animaci\u00f3n inspirada en el inconfundible estilo del Studio Ghibli, el famoso estudio japon\u00e9s responsable de pel\u00edculas como <em>Mi vecino Totoro<\/em> y <em>El viaje de Chihiro<\/em>. En esta reinterpretaci\u00f3n, uno de los temas m\u00e1s emblem\u00e1ticos de Soda Stereo sirve como banda sonora para una historia visualmente m\u00e1gica, que mezcla elementos de la cultura argentina con la est\u00e9tica caracter\u00edstica de la animaci\u00f3n japonesa.<\/p>\n\n\n\n<p>Ambos trabajos son un tributo a la m\u00fasica y el arte, realizados con herramientas de IA y guiones originales, ofreciendo una forma innovadora de redescubrir la riqueza cultural del rock argentino.<\/p>\n<\/div>\n\n\n\n<div class=\"wp-block-column is-layout-flow wp-block-column-is-layout-flow\">\n<figure class=\"wp-block-video\"><video height=\"1280\" style=\"aspect-ratio: 720 \/ 1280;\" width=\"720\" controls src=\"https:\/\/www.ramirotorres.com.ar\/wp-content\/uploads\/2025\/01\/misc-tapas.mp4\"><\/video><\/figure>\n<\/div>\n<\/div>\n\n\n\n<div class=\"wp-block-columns is-layout-flex wp-container-core-columns-is-layout-9d6595d7 wp-block-columns-is-layout-flex\">\n<div class=\"wp-block-column is-layout-flow wp-block-column-is-layout-flow\">\n<div class=\"wp-block-columns is-layout-flex wp-container-core-columns-is-layout-9d6595d7 wp-block-columns-is-layout-flex\">\n<div class=\"wp-block-column is-layout-flow wp-block-column-is-layout-flow\">\n<figure class=\"wp-block-video\"><video height=\"1280\" style=\"aspect-ratio: 720 \/ 1280;\" width=\"720\" controls src=\"https:\/\/www.ramirotorres.com.ar\/wp-content\/uploads\/2025\/06\/renault-12.mp4\"><\/video><\/figure>\n<\/div>\n\n\n\n<div class=\"wp-block-column is-layout-flow wp-block-column-is-layout-flow\">\n<p>\u00bfY si el verdadero protagonista siempre fue el Renault 12?\ud83d\ude97\u2728\u2764\ufe0f\ud83c\udfac\ud83d\udcfa\ud83c\udde6\ud83c\uddf7<br>El auto que nos llev\u00f3 al club, al cole, a la plaza y a la vida. Hoy vuelve\u2026 \u00a1pero como estrella de cine y TV!<br>Un homenaje al m\u00e1s fiel de todos.<br>Gracias por tanto, R12. El Titanic. Nunca fuiste extra. Siempre fuiste protagonista.<\/p>\n<\/div>\n<\/div>\n<\/div>\n\n\n\n<div class=\"wp-block-column is-layout-flow wp-block-column-is-layout-flow\">\n<div class=\"wp-block-columns is-layout-flex wp-container-core-columns-is-layout-9d6595d7 wp-block-columns-is-layout-flex\">\n<div class=\"wp-block-column is-layout-flow wp-block-column-is-layout-flow\">\n<figure class=\"wp-block-video\"><video height=\"1280\" style=\"aspect-ratio: 720 \/ 1280;\" width=\"720\" controls src=\"https:\/\/www.ramirotorres.com.ar\/wp-content\/uploads\/2025\/06\/blade-runner.mp4\"><\/video><\/figure>\n<\/div>\n\n\n\n<div class=\"wp-block-column is-layout-flow wp-block-column-is-layout-flow\">\n<p>Blade Runner Tucum\u00e1n: \u00bfY si no era el futuro, sino un recuerdo borroso?<br>\ud83c\udf27\ufe0f\ud83d\udfe0\ud83c\udf03<\/p>\n<\/div>\n<\/div>\n<\/div>\n<\/div>\n\n\n\n<div class=\"wp-block-columns is-layout-flex wp-container-core-columns-is-layout-9d6595d7 wp-block-columns-is-layout-flex\">\n<div class=\"wp-block-column is-layout-flow wp-block-column-is-layout-flow\">\n<div class=\"wp-block-columns is-layout-flex wp-container-core-columns-is-layout-9d6595d7 wp-block-columns-is-layout-flex\">\n<div class=\"wp-block-column is-layout-flow wp-block-column-is-layout-flow\">\n<figure class=\"wp-block-video\"><video height=\"1280\" style=\"aspect-ratio: 720 \/ 1280;\" width=\"720\" controls src=\"https:\/\/www.ramirotorres.com.ar\/wp-content\/uploads\/2025\/06\/nai.mp4\"><\/video><\/figure>\n<\/div>\n\n\n\n<div class=\"wp-block-column is-layout-flow wp-block-column-is-layout-flow\">\n<p>NADIE.SE.SALVA.SOLO.<br>La ola de El Eternauta cubri\u00f3 cada rinc\u00f3n de Tucum\u00e1n.<br>Desde el celular, recre\u00e9 todos los departamentos como si la nevada mortal hubiera llegado a nuestra tierra. Una postal \u00e9pica y silenciosa del futuro que alguna vez imaginamos.<\/p>\n<\/div>\n<\/div>\n<\/div>\n\n\n\n<div class=\"wp-block-column is-layout-flow wp-block-column-is-layout-flow\"><\/div>\n<\/div>\n","protected":false},"excerpt":{"rendered":"<p>Coleccion de ensayos, pruebas y piezas hibridas que amplian la lectura del perfil creativo.<\/p>\n","protected":false},"author":1,"featured_media":1017,"parent":0,"menu_order":0,"comment_status":"closed","ping_status":"closed","template":"","meta":{"pgc_sgb_lightbox_settings":"","footnotes":""},"class_list":["post-45","page","type-page","status-publish","has-post-thumbnail","hentry"],"yoast_head":"<!-- This site is optimized with the Yoast SEO plugin v27.4 - https:\/\/yoast.com\/product\/yoast-seo-wordpress\/ -->\n<title>Varios - Ramiro Torres<\/title>\n<meta name=\"robots\" content=\"index, follow, max-snippet:-1, max-image-preview:large, max-video-preview:-1\" \/>\n<link rel=\"canonical\" href=\"https:\/\/www.ramirotorres.com.ar\/?page_id=45\" \/>\n<meta property=\"og:locale\" content=\"es_ES\" \/>\n<meta property=\"og:type\" content=\"article\" \/>\n<meta property=\"og:title\" content=\"Varios - Ramiro Torres\" \/>\n<meta property=\"og:description\" content=\"Coleccion de ensayos, pruebas y piezas hibridas que amplian la lectura del perfil creativo.\" \/>\n<meta property=\"og:url\" content=\"https:\/\/www.ramirotorres.com.ar\/?page_id=45\" \/>\n<meta property=\"og:site_name\" content=\"Ramiro Torres\" \/>\n<meta property=\"article:modified_time\" content=\"2026-04-23T22:01:36+00:00\" \/>\n<meta property=\"og:image\" content=\"https:\/\/www.ramirotorres.com.ar\/wp-content\/uploads\/2026\/04\/varios.png\" \/>\n\t<meta property=\"og:image:width\" content=\"840\" \/>\n\t<meta property=\"og:image:height\" content=\"475\" \/>\n\t<meta property=\"og:image:type\" content=\"image\/png\" \/>\n<meta name=\"twitter:card\" content=\"summary_large_image\" \/>\n<meta name=\"twitter:label1\" content=\"Tiempo de lectura\" \/>\n\t<meta name=\"twitter:data1\" content=\"6 minutos\" \/>\n<script type=\"application\/ld+json\" class=\"yoast-schema-graph\">{\"@context\":\"https:\\\/\\\/schema.org\",\"@graph\":[{\"@type\":\"WebPage\",\"@id\":\"https:\\\/\\\/www.ramirotorres.com.ar\\\/?page_id=45\",\"url\":\"https:\\\/\\\/www.ramirotorres.com.ar\\\/?page_id=45\",\"name\":\"Varios - Ramiro Torres\",\"isPartOf\":{\"@id\":\"https:\\\/\\\/www.ramirotorres.com.ar\\\/#website\"},\"primaryImageOfPage\":{\"@id\":\"https:\\\/\\\/www.ramirotorres.com.ar\\\/?page_id=45#primaryimage\"},\"image\":{\"@id\":\"https:\\\/\\\/www.ramirotorres.com.ar\\\/?page_id=45#primaryimage\"},\"thumbnailUrl\":\"https:\\\/\\\/www.ramirotorres.com.ar\\\/wp-content\\\/uploads\\\/2026\\\/04\\\/varios.png\",\"datePublished\":\"2025-01-21T20:50:01+00:00\",\"dateModified\":\"2026-04-23T22:01:36+00:00\",\"breadcrumb\":{\"@id\":\"https:\\\/\\\/www.ramirotorres.com.ar\\\/?page_id=45#breadcrumb\"},\"inLanguage\":\"es-AR\",\"potentialAction\":[{\"@type\":\"ReadAction\",\"target\":[\"https:\\\/\\\/www.ramirotorres.com.ar\\\/?page_id=45\"]}]},{\"@type\":\"ImageObject\",\"inLanguage\":\"es-AR\",\"@id\":\"https:\\\/\\\/www.ramirotorres.com.ar\\\/?page_id=45#primaryimage\",\"url\":\"https:\\\/\\\/www.ramirotorres.com.ar\\\/wp-content\\\/uploads\\\/2026\\\/04\\\/varios.png\",\"contentUrl\":\"https:\\\/\\\/www.ramirotorres.com.ar\\\/wp-content\\\/uploads\\\/2026\\\/04\\\/varios.png\",\"width\":840,\"height\":475},{\"@type\":\"BreadcrumbList\",\"@id\":\"https:\\\/\\\/www.ramirotorres.com.ar\\\/?page_id=45#breadcrumb\",\"itemListElement\":[{\"@type\":\"ListItem\",\"position\":1,\"name\":\"Inicio\",\"item\":\"https:\\\/\\\/www.ramirotorres.com.ar\\\/\"},{\"@type\":\"ListItem\",\"position\":2,\"name\":\"Varios\"}]},{\"@type\":\"WebSite\",\"@id\":\"https:\\\/\\\/www.ramirotorres.com.ar\\\/#website\",\"url\":\"https:\\\/\\\/www.ramirotorres.com.ar\\\/\",\"name\":\"Ramiro Torres\",\"description\":\"Portfolio multimedia, IA, video, grafica y sonido.\",\"potentialAction\":[{\"@type\":\"SearchAction\",\"target\":{\"@type\":\"EntryPoint\",\"urlTemplate\":\"https:\\\/\\\/www.ramirotorres.com.ar\\\/?s={search_term_string}\"},\"query-input\":{\"@type\":\"PropertyValueSpecification\",\"valueRequired\":true,\"valueName\":\"search_term_string\"}}],\"inLanguage\":\"es-AR\"}]}<\/script>\n<!-- \/ Yoast SEO plugin. -->","yoast_head_json":{"title":"Varios - Ramiro Torres","robots":{"index":"index","follow":"follow","max-snippet":"max-snippet:-1","max-image-preview":"max-image-preview:large","max-video-preview":"max-video-preview:-1"},"canonical":"https:\/\/www.ramirotorres.com.ar\/?page_id=45","og_locale":"es_ES","og_type":"article","og_title":"Varios - Ramiro Torres","og_description":"Coleccion de ensayos, pruebas y piezas hibridas que amplian la lectura del perfil creativo.","og_url":"https:\/\/www.ramirotorres.com.ar\/?page_id=45","og_site_name":"Ramiro Torres","article_modified_time":"2026-04-23T22:01:36+00:00","og_image":[{"width":840,"height":475,"url":"https:\/\/www.ramirotorres.com.ar\/wp-content\/uploads\/2026\/04\/varios.png","type":"image\/png"}],"twitter_card":"summary_large_image","twitter_misc":{"Tiempo de lectura":"6 minutos"},"schema":{"@context":"https:\/\/schema.org","@graph":[{"@type":"WebPage","@id":"https:\/\/www.ramirotorres.com.ar\/?page_id=45","url":"https:\/\/www.ramirotorres.com.ar\/?page_id=45","name":"Varios - Ramiro Torres","isPartOf":{"@id":"https:\/\/www.ramirotorres.com.ar\/#website"},"primaryImageOfPage":{"@id":"https:\/\/www.ramirotorres.com.ar\/?page_id=45#primaryimage"},"image":{"@id":"https:\/\/www.ramirotorres.com.ar\/?page_id=45#primaryimage"},"thumbnailUrl":"https:\/\/www.ramirotorres.com.ar\/wp-content\/uploads\/2026\/04\/varios.png","datePublished":"2025-01-21T20:50:01+00:00","dateModified":"2026-04-23T22:01:36+00:00","breadcrumb":{"@id":"https:\/\/www.ramirotorres.com.ar\/?page_id=45#breadcrumb"},"inLanguage":"es-AR","potentialAction":[{"@type":"ReadAction","target":["https:\/\/www.ramirotorres.com.ar\/?page_id=45"]}]},{"@type":"ImageObject","inLanguage":"es-AR","@id":"https:\/\/www.ramirotorres.com.ar\/?page_id=45#primaryimage","url":"https:\/\/www.ramirotorres.com.ar\/wp-content\/uploads\/2026\/04\/varios.png","contentUrl":"https:\/\/www.ramirotorres.com.ar\/wp-content\/uploads\/2026\/04\/varios.png","width":840,"height":475},{"@type":"BreadcrumbList","@id":"https:\/\/www.ramirotorres.com.ar\/?page_id=45#breadcrumb","itemListElement":[{"@type":"ListItem","position":1,"name":"Inicio","item":"https:\/\/www.ramirotorres.com.ar\/"},{"@type":"ListItem","position":2,"name":"Varios"}]},{"@type":"WebSite","@id":"https:\/\/www.ramirotorres.com.ar\/#website","url":"https:\/\/www.ramirotorres.com.ar\/","name":"Ramiro Torres","description":"Portfolio multimedia, IA, video, grafica y sonido.","potentialAction":[{"@type":"SearchAction","target":{"@type":"EntryPoint","urlTemplate":"https:\/\/www.ramirotorres.com.ar\/?s={search_term_string}"},"query-input":{"@type":"PropertyValueSpecification","valueRequired":true,"valueName":"search_term_string"}}],"inLanguage":"es-AR"}]}},"_links":{"self":[{"href":"https:\/\/www.ramirotorres.com.ar\/index.php?rest_route=\/wp\/v2\/pages\/45","targetHints":{"allow":["GET"]}}],"collection":[{"href":"https:\/\/www.ramirotorres.com.ar\/index.php?rest_route=\/wp\/v2\/pages"}],"about":[{"href":"https:\/\/www.ramirotorres.com.ar\/index.php?rest_route=\/wp\/v2\/types\/page"}],"author":[{"embeddable":true,"href":"https:\/\/www.ramirotorres.com.ar\/index.php?rest_route=\/wp\/v2\/users\/1"}],"replies":[{"embeddable":true,"href":"https:\/\/www.ramirotorres.com.ar\/index.php?rest_route=%2Fwp%2Fv2%2Fcomments&post=45"}],"version-history":[{"count":3,"href":"https:\/\/www.ramirotorres.com.ar\/index.php?rest_route=\/wp\/v2\/pages\/45\/revisions"}],"predecessor-version":[{"id":1023,"href":"https:\/\/www.ramirotorres.com.ar\/index.php?rest_route=\/wp\/v2\/pages\/45\/revisions\/1023"}],"wp:featuredmedia":[{"embeddable":true,"href":"https:\/\/www.ramirotorres.com.ar\/index.php?rest_route=\/wp\/v2\/media\/1017"}],"wp:attachment":[{"href":"https:\/\/www.ramirotorres.com.ar\/index.php?rest_route=%2Fwp%2Fv2%2Fmedia&parent=45"}],"curies":[{"name":"wp","href":"https:\/\/api.w.org\/{rel}","templated":true}]}}