{"id":967,"date":"2026-04-23T12:33:12","date_gmt":"2026-04-23T15:33:12","guid":{"rendered":"http:\/\/localhost\/ramiro26\/en\/viejo-tucuman\/"},"modified":"2026-04-23T12:33:12","modified_gmt":"2026-04-23T15:33:12","slug":"viejo-tucuman","status":"publish","type":"page","link":"https:\/\/www.ramirotorres.com.ar\/?page_id=967","title":{"rendered":"Old Tucuman"},"content":{"rendered":"\n<p>Old Tucum\u00e1n turns historical archive material into a clear and useful digital experience for exploring the province through geolocated photography.<\/p>\n\n\n\n<p>It reflects a hybrid profile that connects research, visual curation, web product thinking, and cultural communication: meaningful content presented with structure and technology.<\/p>\n\n\n\n<div class=\"wp-block-columns is-layout-flex wp-container-core-columns-is-layout-9d6595d7 wp-block-columns-is-layout-flex\">\n<div class=\"wp-block-column is-layout-flow wp-block-column-is-layout-flow\">\n<p>En <strong><a href=\"https:\/\/www.viejotucuman.ar\/\" target=\"_blank\" rel=\"noreferrer noopener\">ViejoTucuman.ar<\/a><\/strong>, te invito a recorrer la historia de nuestra provincia a trav\u00e9s de m\u00e1s de 3,000 fotograf\u00edas geolocalizadas en un mapa interactivo de Tucum\u00e1n. Este proyecto es el resultado de mi dedicaci\u00f3n y pasi\u00f3n por redescubrir y compartir el pasado de nuestra tierra, conectando con las calles, edificios y momentos que moldearon nuestra identidad.<\/p>\n\n\n\n<p>He desarrollado este sitio completamente por mi cuenta, personalizando y modificando plugins para adaptarlos a mis necesidades y as\u00ed lograr la funcionalidad que imagin\u00e9. Secciones como &#8220;Desde arriba&#8221;, &#8220;Sucesos Tucumanos&#8221; y &#8220;Street View Hist\u00f3rico&#8221; ofrecen una inmersi\u00f3n \u00fanica en la evoluci\u00f3n cultural y urbana de Tucum\u00e1n, combinando tecnolog\u00eda y memoria hist\u00f3rica.<\/p>\n\n\n\n<p>Cada detalle, desde la recuperaci\u00f3n y restauraci\u00f3n de im\u00e1genes hasta su geolocalizaci\u00f3n en el mapa, refleja mi compromiso con preservar y divulgar nuestra rica herencia cultural, para que todos podamos apreciar el valor de nuestras ra\u00edces.<\/p>\n<\/div>\n\n\n\n<div class=\"wp-block-column is-layout-flow wp-block-column-is-layout-flow\">\n<figure class=\"wp-block-image size-full\"><a href=\"https:\/\/www.viejotucuman.ar\/\" target=\"_blank\"><img loading=\"lazy\" decoding=\"async\" width=\"833\" height=\"877\" src=\"https:\/\/www.ramirotorres.com.ar\/wp-content\/uploads\/2025\/01\/viejotucuman.png\" alt=\"\" class=\"wp-image-249\" srcset=\"https:\/\/www.ramirotorres.com.ar\/wp-content\/uploads\/2025\/01\/viejotucuman.png 833w, https:\/\/www.ramirotorres.com.ar\/wp-content\/uploads\/2025\/01\/viejotucuman-285x300.png 285w, https:\/\/www.ramirotorres.com.ar\/wp-content\/uploads\/2025\/01\/viejotucuman-768x809.png 768w, https:\/\/www.ramirotorres.com.ar\/wp-content\/uploads\/2025\/01\/viejotucuman-11x12.png 11w\" sizes=\"auto, (max-width: 833px) 100vw, 833px\" \/><\/a><\/figure>\n<\/div>\n<\/div>\n","protected":false},"excerpt":{"rendered":"<p>A web and documentary project that organizes Tucuman visual heritage into a navigable, contextual platform.<\/p>\n","protected":false},"author":0,"featured_media":249,"parent":963,"menu_order":0,"comment_status":"closed","ping_status":"closed","template":"","meta":{"pgc_sgb_lightbox_settings":"","footnotes":""},"class_list":["post-967","page","type-page","status-publish","has-post-thumbnail","hentry"],"yoast_head":"<!-- This site is optimized with the Yoast SEO plugin v27.4 - https:\/\/yoast.com\/product\/yoast-seo-wordpress\/ -->\n<title>Old Tucuman - Ramiro Torres<\/title>\n<meta name=\"robots\" content=\"index, follow, max-snippet:-1, max-image-preview:large, max-video-preview:-1\" \/>\n<link rel=\"canonical\" href=\"https:\/\/www.ramirotorres.com.ar\/?page_id=967\" \/>\n<meta property=\"og:locale\" content=\"es_ES\" \/>\n<meta property=\"og:type\" content=\"article\" \/>\n<meta property=\"og:title\" content=\"Old Tucuman - Ramiro Torres\" \/>\n<meta property=\"og:description\" content=\"A web and documentary project that organizes Tucuman visual heritage into a navigable, contextual platform.\" \/>\n<meta property=\"og:url\" content=\"https:\/\/www.ramirotorres.com.ar\/?page_id=967\" \/>\n<meta property=\"og:site_name\" content=\"Ramiro Torres\" \/>\n<meta property=\"og:image\" content=\"https:\/\/www.ramirotorres.com.ar\/wp-content\/uploads\/2025\/01\/viejotucuman.png\" \/>\n\t<meta property=\"og:image:width\" content=\"833\" \/>\n\t<meta property=\"og:image:height\" content=\"877\" \/>\n\t<meta property=\"og:image:type\" content=\"image\/png\" \/>\n<meta name=\"twitter:card\" content=\"summary_large_image\" \/>\n<meta name=\"twitter:label1\" content=\"Tiempo de lectura\" \/>\n\t<meta name=\"twitter:data1\" content=\"1 minuto\" \/>\n<script type=\"application\/ld+json\" class=\"yoast-schema-graph\">{\"@context\":\"https:\\\/\\\/schema.org\",\"@graph\":[{\"@type\":\"WebPage\",\"@id\":\"https:\\\/\\\/www.ramirotorres.com.ar\\\/?page_id=967\",\"url\":\"https:\\\/\\\/www.ramirotorres.com.ar\\\/?page_id=967\",\"name\":\"Old Tucuman - Ramiro Torres\",\"isPartOf\":{\"@id\":\"https:\\\/\\\/www.ramirotorres.com.ar\\\/#website\"},\"primaryImageOfPage\":{\"@id\":\"https:\\\/\\\/www.ramirotorres.com.ar\\\/?page_id=967#primaryimage\"},\"image\":{\"@id\":\"https:\\\/\\\/www.ramirotorres.com.ar\\\/?page_id=967#primaryimage\"},\"thumbnailUrl\":\"https:\\\/\\\/www.ramirotorres.com.ar\\\/wp-content\\\/uploads\\\/2025\\\/01\\\/viejotucuman.png\",\"datePublished\":\"2026-04-23T15:33:12+00:00\",\"breadcrumb\":{\"@id\":\"https:\\\/\\\/www.ramirotorres.com.ar\\\/?page_id=967#breadcrumb\"},\"inLanguage\":\"es-AR\",\"potentialAction\":[{\"@type\":\"ReadAction\",\"target\":[\"https:\\\/\\\/www.ramirotorres.com.ar\\\/?page_id=967\"]}]},{\"@type\":\"ImageObject\",\"inLanguage\":\"es-AR\",\"@id\":\"https:\\\/\\\/www.ramirotorres.com.ar\\\/?page_id=967#primaryimage\",\"url\":\"https:\\\/\\\/www.ramirotorres.com.ar\\\/wp-content\\\/uploads\\\/2025\\\/01\\\/viejotucuman.png\",\"contentUrl\":\"https:\\\/\\\/www.ramirotorres.com.ar\\\/wp-content\\\/uploads\\\/2025\\\/01\\\/viejotucuman.png\",\"width\":833,\"height\":877},{\"@type\":\"BreadcrumbList\",\"@id\":\"https:\\\/\\\/www.ramirotorres.com.ar\\\/?page_id=967#breadcrumb\",\"itemListElement\":[{\"@type\":\"ListItem\",\"position\":1,\"name\":\"Inicio\",\"item\":\"https:\\\/\\\/www.ramirotorres.com.ar\\\/\"},{\"@type\":\"ListItem\",\"position\":2,\"name\":\"English\",\"item\":\"https:\\\/\\\/www.ramirotorres.com.ar\\\/?page_id=963\"},{\"@type\":\"ListItem\",\"position\":3,\"name\":\"Old Tucuman\"}]},{\"@type\":\"WebSite\",\"@id\":\"https:\\\/\\\/www.ramirotorres.com.ar\\\/#website\",\"url\":\"https:\\\/\\\/www.ramirotorres.com.ar\\\/\",\"name\":\"Ramiro Torres\",\"description\":\"Portfolio multimedia, IA, video, grafica y sonido.\",\"potentialAction\":[{\"@type\":\"SearchAction\",\"target\":{\"@type\":\"EntryPoint\",\"urlTemplate\":\"https:\\\/\\\/www.ramirotorres.com.ar\\\/?s={search_term_string}\"},\"query-input\":{\"@type\":\"PropertyValueSpecification\",\"valueRequired\":true,\"valueName\":\"search_term_string\"}}],\"inLanguage\":\"es-AR\"}]}<\/script>\n<!-- \/ Yoast SEO plugin. -->","yoast_head_json":{"title":"Old Tucuman - Ramiro Torres","robots":{"index":"index","follow":"follow","max-snippet":"max-snippet:-1","max-image-preview":"max-image-preview:large","max-video-preview":"max-video-preview:-1"},"canonical":"https:\/\/www.ramirotorres.com.ar\/?page_id=967","og_locale":"es_ES","og_type":"article","og_title":"Old Tucuman - Ramiro Torres","og_description":"A web and documentary project that organizes Tucuman visual heritage into a navigable, contextual platform.","og_url":"https:\/\/www.ramirotorres.com.ar\/?page_id=967","og_site_name":"Ramiro Torres","og_image":[{"width":833,"height":877,"url":"https:\/\/www.ramirotorres.com.ar\/wp-content\/uploads\/2025\/01\/viejotucuman.png","type":"image\/png"}],"twitter_card":"summary_large_image","twitter_misc":{"Tiempo de lectura":"1 minuto"},"schema":{"@context":"https:\/\/schema.org","@graph":[{"@type":"WebPage","@id":"https:\/\/www.ramirotorres.com.ar\/?page_id=967","url":"https:\/\/www.ramirotorres.com.ar\/?page_id=967","name":"Old Tucuman - Ramiro Torres","isPartOf":{"@id":"https:\/\/www.ramirotorres.com.ar\/#website"},"primaryImageOfPage":{"@id":"https:\/\/www.ramirotorres.com.ar\/?page_id=967#primaryimage"},"image":{"@id":"https:\/\/www.ramirotorres.com.ar\/?page_id=967#primaryimage"},"thumbnailUrl":"https:\/\/www.ramirotorres.com.ar\/wp-content\/uploads\/2025\/01\/viejotucuman.png","datePublished":"2026-04-23T15:33:12+00:00","breadcrumb":{"@id":"https:\/\/www.ramirotorres.com.ar\/?page_id=967#breadcrumb"},"inLanguage":"es-AR","potentialAction":[{"@type":"ReadAction","target":["https:\/\/www.ramirotorres.com.ar\/?page_id=967"]}]},{"@type":"ImageObject","inLanguage":"es-AR","@id":"https:\/\/www.ramirotorres.com.ar\/?page_id=967#primaryimage","url":"https:\/\/www.ramirotorres.com.ar\/wp-content\/uploads\/2025\/01\/viejotucuman.png","contentUrl":"https:\/\/www.ramirotorres.com.ar\/wp-content\/uploads\/2025\/01\/viejotucuman.png","width":833,"height":877},{"@type":"BreadcrumbList","@id":"https:\/\/www.ramirotorres.com.ar\/?page_id=967#breadcrumb","itemListElement":[{"@type":"ListItem","position":1,"name":"Inicio","item":"https:\/\/www.ramirotorres.com.ar\/"},{"@type":"ListItem","position":2,"name":"English","item":"https:\/\/www.ramirotorres.com.ar\/?page_id=963"},{"@type":"ListItem","position":3,"name":"Old Tucuman"}]},{"@type":"WebSite","@id":"https:\/\/www.ramirotorres.com.ar\/#website","url":"https:\/\/www.ramirotorres.com.ar\/","name":"Ramiro Torres","description":"Portfolio multimedia, IA, video, grafica y sonido.","potentialAction":[{"@type":"SearchAction","target":{"@type":"EntryPoint","urlTemplate":"https:\/\/www.ramirotorres.com.ar\/?s={search_term_string}"},"query-input":{"@type":"PropertyValueSpecification","valueRequired":true,"valueName":"search_term_string"}}],"inLanguage":"es-AR"}]}},"_links":{"self":[{"href":"https:\/\/www.ramirotorres.com.ar\/index.php?rest_route=\/wp\/v2\/pages\/967","targetHints":{"allow":["GET"]}}],"collection":[{"href":"https:\/\/www.ramirotorres.com.ar\/index.php?rest_route=\/wp\/v2\/pages"}],"about":[{"href":"https:\/\/www.ramirotorres.com.ar\/index.php?rest_route=\/wp\/v2\/types\/page"}],"replies":[{"embeddable":true,"href":"https:\/\/www.ramirotorres.com.ar\/index.php?rest_route=%2Fwp%2Fv2%2Fcomments&post=967"}],"version-history":[{"count":0,"href":"https:\/\/www.ramirotorres.com.ar\/index.php?rest_route=\/wp\/v2\/pages\/967\/revisions"}],"up":[{"embeddable":true,"href":"https:\/\/www.ramirotorres.com.ar\/index.php?rest_route=\/wp\/v2\/pages\/963"}],"wp:featuredmedia":[{"embeddable":true,"href":"https:\/\/www.ramirotorres.com.ar\/index.php?rest_route=\/wp\/v2\/media\/249"}],"wp:attachment":[{"href":"https:\/\/www.ramirotorres.com.ar\/index.php?rest_route=%2Fwp%2Fv2%2Fmedia&parent=967"}],"curies":[{"name":"wp","href":"https:\/\/api.w.org\/{rel}","templated":true}]}}