{"id":983,"date":"2026-04-23T12:33:12","date_gmt":"2026-04-23T15:33:12","guid":{"rendered":"http:\/\/localhost\/ramiro26\/en\/carpia\/"},"modified":"2026-04-23T12:33:12","modified_gmt":"2026-04-23T15:33:12","slug":"carpia","status":"publish","type":"page","link":"https:\/\/www.ramirotorres.com.ar\/?page_id=983","title":{"rendered":"CarpIA"},"content":{"rendered":"\n<p>CarpIA is an online application designed to solve a concrete problem: generating technical sheets and visual documentation for furniture manufacturing quickly and clearly.<\/p>\n\n\n\n<p>It highlights another important side of the profile: product thinking, information architecture, and the ability to turn manual workflows into useful digital systems for real users.<\/p>\n\n\n\n<div class=\"wp-block-columns is-layout-flex wp-container-core-columns-is-layout-9d6595d7 wp-block-columns-is-layout-flex\">\n<div class=\"wp-block-column is-layout-flow wp-block-column-is-layout-flow\">\n<p><strong><a href=\"https:\/\/www.carpia.com.ar\/\" data-type=\"link\" data-id=\"https:\/\/www.carpia.com.ar\/\" target=\"_blank\" rel=\"noreferrer noopener\">CarpIA<\/a><\/strong> es una aplicaci\u00f3n web en l\u00ednea que desarroll\u00e9 completamente desde cero, utilizando herramientas como ChatGPT y montada sobre un entorno WordPress. Este sistema automatiza la creaci\u00f3n de documentaci\u00f3n gr\u00e1fica y planillas para la fabricaci\u00f3n de muebles de melamina, permitiendo a los carpinteros generar r\u00e1pidamente la informaci\u00f3n necesaria para cortar y ensamblar muebles de MDF o melamina. Al ingresar solo unos pocos datos clave, en segundos se obtiene toda la documentaci\u00f3n lista para imprimir, ahorrando horas de trabajo manual. Adem\u00e1s de la funcionalidad t\u00e9cnica, me encargu\u00e9 tambi\u00e9n del dise\u00f1o gr\u00e1fico de la plataforma y la creaci\u00f3n de reels para promoverla. CarpIA representa un avance significativo en eficiencia y productividad para talleres de carpinter\u00eda, optimizando procesos que tradicionalmente requer\u00edan mucho tiempo y esfuerzo.<\/p>\n<\/div>\n\n\n\n<div class=\"wp-block-column is-layout-flow wp-block-column-is-layout-flow\">\n<figure class=\"wp-block-image size-full\"><a href=\"https:\/\/www.carpia.com.ar\/\" target=\"_blank\" rel=\" noreferrer noopener\"><img loading=\"lazy\" decoding=\"async\" width=\"446\" height=\"896\" src=\"https:\/\/www.ramirotorres.com.ar\/wp-content\/uploads\/2025\/01\/carpia1.png\" alt=\"\" class=\"wp-image-254\" srcset=\"https:\/\/www.ramirotorres.com.ar\/wp-content\/uploads\/2025\/01\/carpia1.png 446w, https:\/\/www.ramirotorres.com.ar\/wp-content\/uploads\/2025\/01\/carpia1-149x300.png 149w, https:\/\/www.ramirotorres.com.ar\/wp-content\/uploads\/2025\/01\/carpia1-6x12.png 6w\" sizes=\"auto, (max-width: 446px) 100vw, 446px\" \/><\/a><\/figure>\n<\/div>\n\n\n\n<div class=\"wp-block-column is-layout-flow wp-block-column-is-layout-flow\">\n<figure class=\"wp-block-image size-full\"><a href=\"https:\/\/www.carpia.com.ar\/\" target=\"_blank\" rel=\" noreferrer noopener\"><img loading=\"lazy\" decoding=\"async\" width=\"696\" height=\"834\" src=\"https:\/\/www.ramirotorres.com.ar\/wp-content\/uploads\/2025\/01\/carpia2.png\" alt=\"\" class=\"wp-image-255\" srcset=\"https:\/\/www.ramirotorres.com.ar\/wp-content\/uploads\/2025\/01\/carpia2.png 696w, https:\/\/www.ramirotorres.com.ar\/wp-content\/uploads\/2025\/01\/carpia2-250x300.png 250w, https:\/\/www.ramirotorres.com.ar\/wp-content\/uploads\/2025\/01\/carpia2-10x12.png 10w\" sizes=\"auto, (max-width: 696px) 100vw, 696px\" \/><\/a><\/figure>\n<\/div>\n<\/div>\n","protected":false},"excerpt":{"rendered":"<p>A web product built to automate manufacturing documentation and improve workflow efficiency for carpentry shops.<\/p>\n","protected":false},"author":0,"featured_media":254,"parent":963,"menu_order":0,"comment_status":"closed","ping_status":"closed","template":"","meta":{"pgc_sgb_lightbox_settings":"","footnotes":""},"class_list":["post-983","page","type-page","status-publish","has-post-thumbnail","hentry"],"yoast_head":"<!-- This site is optimized with the Yoast SEO plugin v27.4 - https:\/\/yoast.com\/product\/yoast-seo-wordpress\/ -->\n<title>CarpIA - Ramiro Torres<\/title>\n<meta name=\"robots\" content=\"index, follow, max-snippet:-1, max-image-preview:large, max-video-preview:-1\" \/>\n<link rel=\"canonical\" href=\"https:\/\/www.ramirotorres.com.ar\/?page_id=983\" \/>\n<meta property=\"og:locale\" content=\"es_ES\" \/>\n<meta property=\"og:type\" content=\"article\" \/>\n<meta property=\"og:title\" content=\"CarpIA - Ramiro Torres\" \/>\n<meta property=\"og:description\" content=\"A web product built to automate manufacturing documentation and improve workflow efficiency for carpentry shops.\" \/>\n<meta property=\"og:url\" content=\"https:\/\/www.ramirotorres.com.ar\/?page_id=983\" \/>\n<meta property=\"og:site_name\" content=\"Ramiro Torres\" \/>\n<meta property=\"og:image\" content=\"https:\/\/www.ramirotorres.com.ar\/wp-content\/uploads\/2025\/01\/carpia1.png\" \/>\n\t<meta property=\"og:image:width\" content=\"446\" \/>\n\t<meta property=\"og:image:height\" content=\"896\" \/>\n\t<meta property=\"og:image:type\" content=\"image\/png\" \/>\n<meta name=\"twitter:card\" content=\"summary_large_image\" \/>\n<meta name=\"twitter:label1\" content=\"Tiempo de lectura\" \/>\n\t<meta name=\"twitter:data1\" content=\"1 minuto\" \/>\n<script type=\"application\/ld+json\" class=\"yoast-schema-graph\">{\"@context\":\"https:\\\/\\\/schema.org\",\"@graph\":[{\"@type\":\"WebPage\",\"@id\":\"https:\\\/\\\/www.ramirotorres.com.ar\\\/?page_id=983\",\"url\":\"https:\\\/\\\/www.ramirotorres.com.ar\\\/?page_id=983\",\"name\":\"CarpIA - Ramiro Torres\",\"isPartOf\":{\"@id\":\"https:\\\/\\\/www.ramirotorres.com.ar\\\/#website\"},\"primaryImageOfPage\":{\"@id\":\"https:\\\/\\\/www.ramirotorres.com.ar\\\/?page_id=983#primaryimage\"},\"image\":{\"@id\":\"https:\\\/\\\/www.ramirotorres.com.ar\\\/?page_id=983#primaryimage\"},\"thumbnailUrl\":\"https:\\\/\\\/www.ramirotorres.com.ar\\\/wp-content\\\/uploads\\\/2025\\\/01\\\/carpia1.png\",\"datePublished\":\"2026-04-23T15:33:12+00:00\",\"breadcrumb\":{\"@id\":\"https:\\\/\\\/www.ramirotorres.com.ar\\\/?page_id=983#breadcrumb\"},\"inLanguage\":\"es-AR\",\"potentialAction\":[{\"@type\":\"ReadAction\",\"target\":[\"https:\\\/\\\/www.ramirotorres.com.ar\\\/?page_id=983\"]}]},{\"@type\":\"ImageObject\",\"inLanguage\":\"es-AR\",\"@id\":\"https:\\\/\\\/www.ramirotorres.com.ar\\\/?page_id=983#primaryimage\",\"url\":\"https:\\\/\\\/www.ramirotorres.com.ar\\\/wp-content\\\/uploads\\\/2025\\\/01\\\/carpia1.png\",\"contentUrl\":\"https:\\\/\\\/www.ramirotorres.com.ar\\\/wp-content\\\/uploads\\\/2025\\\/01\\\/carpia1.png\",\"width\":446,\"height\":896},{\"@type\":\"BreadcrumbList\",\"@id\":\"https:\\\/\\\/www.ramirotorres.com.ar\\\/?page_id=983#breadcrumb\",\"itemListElement\":[{\"@type\":\"ListItem\",\"position\":1,\"name\":\"Inicio\",\"item\":\"https:\\\/\\\/www.ramirotorres.com.ar\\\/\"},{\"@type\":\"ListItem\",\"position\":2,\"name\":\"English\",\"item\":\"https:\\\/\\\/www.ramirotorres.com.ar\\\/?page_id=963\"},{\"@type\":\"ListItem\",\"position\":3,\"name\":\"CarpIA\"}]},{\"@type\":\"WebSite\",\"@id\":\"https:\\\/\\\/www.ramirotorres.com.ar\\\/#website\",\"url\":\"https:\\\/\\\/www.ramirotorres.com.ar\\\/\",\"name\":\"Ramiro Torres\",\"description\":\"Portfolio multimedia, IA, video, grafica y sonido.\",\"potentialAction\":[{\"@type\":\"SearchAction\",\"target\":{\"@type\":\"EntryPoint\",\"urlTemplate\":\"https:\\\/\\\/www.ramirotorres.com.ar\\\/?s={search_term_string}\"},\"query-input\":{\"@type\":\"PropertyValueSpecification\",\"valueRequired\":true,\"valueName\":\"search_term_string\"}}],\"inLanguage\":\"es-AR\"}]}<\/script>\n<!-- \/ Yoast SEO plugin. -->","yoast_head_json":{"title":"CarpIA - Ramiro Torres","robots":{"index":"index","follow":"follow","max-snippet":"max-snippet:-1","max-image-preview":"max-image-preview:large","max-video-preview":"max-video-preview:-1"},"canonical":"https:\/\/www.ramirotorres.com.ar\/?page_id=983","og_locale":"es_ES","og_type":"article","og_title":"CarpIA - Ramiro Torres","og_description":"A web product built to automate manufacturing documentation and improve workflow efficiency for carpentry shops.","og_url":"https:\/\/www.ramirotorres.com.ar\/?page_id=983","og_site_name":"Ramiro Torres","og_image":[{"width":446,"height":896,"url":"https:\/\/www.ramirotorres.com.ar\/wp-content\/uploads\/2025\/01\/carpia1.png","type":"image\/png"}],"twitter_card":"summary_large_image","twitter_misc":{"Tiempo de lectura":"1 minuto"},"schema":{"@context":"https:\/\/schema.org","@graph":[{"@type":"WebPage","@id":"https:\/\/www.ramirotorres.com.ar\/?page_id=983","url":"https:\/\/www.ramirotorres.com.ar\/?page_id=983","name":"CarpIA - Ramiro Torres","isPartOf":{"@id":"https:\/\/www.ramirotorres.com.ar\/#website"},"primaryImageOfPage":{"@id":"https:\/\/www.ramirotorres.com.ar\/?page_id=983#primaryimage"},"image":{"@id":"https:\/\/www.ramirotorres.com.ar\/?page_id=983#primaryimage"},"thumbnailUrl":"https:\/\/www.ramirotorres.com.ar\/wp-content\/uploads\/2025\/01\/carpia1.png","datePublished":"2026-04-23T15:33:12+00:00","breadcrumb":{"@id":"https:\/\/www.ramirotorres.com.ar\/?page_id=983#breadcrumb"},"inLanguage":"es-AR","potentialAction":[{"@type":"ReadAction","target":["https:\/\/www.ramirotorres.com.ar\/?page_id=983"]}]},{"@type":"ImageObject","inLanguage":"es-AR","@id":"https:\/\/www.ramirotorres.com.ar\/?page_id=983#primaryimage","url":"https:\/\/www.ramirotorres.com.ar\/wp-content\/uploads\/2025\/01\/carpia1.png","contentUrl":"https:\/\/www.ramirotorres.com.ar\/wp-content\/uploads\/2025\/01\/carpia1.png","width":446,"height":896},{"@type":"BreadcrumbList","@id":"https:\/\/www.ramirotorres.com.ar\/?page_id=983#breadcrumb","itemListElement":[{"@type":"ListItem","position":1,"name":"Inicio","item":"https:\/\/www.ramirotorres.com.ar\/"},{"@type":"ListItem","position":2,"name":"English","item":"https:\/\/www.ramirotorres.com.ar\/?page_id=963"},{"@type":"ListItem","position":3,"name":"CarpIA"}]},{"@type":"WebSite","@id":"https:\/\/www.ramirotorres.com.ar\/#website","url":"https:\/\/www.ramirotorres.com.ar\/","name":"Ramiro Torres","description":"Portfolio multimedia, IA, video, grafica y sonido.","potentialAction":[{"@type":"SearchAction","target":{"@type":"EntryPoint","urlTemplate":"https:\/\/www.ramirotorres.com.ar\/?s={search_term_string}"},"query-input":{"@type":"PropertyValueSpecification","valueRequired":true,"valueName":"search_term_string"}}],"inLanguage":"es-AR"}]}},"_links":{"self":[{"href":"https:\/\/www.ramirotorres.com.ar\/index.php?rest_route=\/wp\/v2\/pages\/983","targetHints":{"allow":["GET"]}}],"collection":[{"href":"https:\/\/www.ramirotorres.com.ar\/index.php?rest_route=\/wp\/v2\/pages"}],"about":[{"href":"https:\/\/www.ramirotorres.com.ar\/index.php?rest_route=\/wp\/v2\/types\/page"}],"replies":[{"embeddable":true,"href":"https:\/\/www.ramirotorres.com.ar\/index.php?rest_route=%2Fwp%2Fv2%2Fcomments&post=983"}],"version-history":[{"count":0,"href":"https:\/\/www.ramirotorres.com.ar\/index.php?rest_route=\/wp\/v2\/pages\/983\/revisions"}],"up":[{"embeddable":true,"href":"https:\/\/www.ramirotorres.com.ar\/index.php?rest_route=\/wp\/v2\/pages\/963"}],"wp:featuredmedia":[{"embeddable":true,"href":"https:\/\/www.ramirotorres.com.ar\/index.php?rest_route=\/wp\/v2\/media\/254"}],"wp:attachment":[{"href":"https:\/\/www.ramirotorres.com.ar\/index.php?rest_route=%2Fwp%2Fv2%2Fmedia&parent=983"}],"curies":[{"name":"wp","href":"https:\/\/api.w.org\/{rel}","templated":true}]}}